{"id":4503,"date":"2024-09-06T14:35:04","date_gmt":"2024-09-06T12:35:04","guid":{"rendered":"https:\/\/tipozerodiabetes.com\/?post_type=product&#038;p=4503"},"modified":"2024-09-09T09:38:20","modified_gmt":"2024-09-09T07:38:20","slug":"mini-curso-herramienta-para-calcular-el-ratio-de-insulina","status":"publish","type":"product","link":"https:\/\/tipozerodiabetes.com\/en\/product\/mini-curso-herramienta-para-calcular-el-ratio-de-insulina\/","title":{"rendered":"Mini curso: Herramienta para calcular el ratio de Insulina"},"content":{"rendered":"<p>Herramienta Excel descargable + dos v\u00eddeos que explican en detalle, de forma clara y paso a paso, c\u00f3mo utilizarla.<\/p>\n<p>Al comprar este producto digital, reconoces y aceptas que no es reembolsable una vez que se haya proporcionado el acceso al producto. Dado que este producto es una descarga digital, no se emitir\u00e1n reembolsos bajo ninguna circunstancia de acuerdo con la excepci\u00f3n al derecho de desistimiento para productos digitales, seg\u00fan el art\u00edculo 103(m) de la Ley General para la Defensa de los Consumidores y Usuarios.<\/p>","protected":false},"excerpt":{"rendered":"<p>Herramienta Excel descargable + dos v\u00eddeos que explican en detalle, [&hellip;]<\/p>","protected":false},"featured_media":4518,"comment_status":"closed","ping_status":"closed","template":"","meta":[],"product_cat":[124],"product_tag":[],"yoast_head":"<!-- This site is optimized with the Yoast SEO plugin v23.4 - https:\/\/yoast.com\/wordpress\/plugins\/seo\/ -->\n<title>Mini curso: Herramienta para calcular el ratio de Insulina - TipoZero Diabetes<\/title>\n<meta name=\"robots\" content=\"index, follow, max-snippet:-1, max-image-preview:large, max-video-preview:-1\" \/>\n<link rel=\"canonical\" href=\"https:\/\/tipozerodiabetes.com\/en\/product\/mini-curso-herramienta-para-calcular-el-ratio-de-insulina\/\" \/>\n<meta property=\"og:locale\" content=\"en_US\" \/>\n<meta property=\"og:type\" content=\"article\" \/>\n<meta property=\"og:title\" content=\"Mini curso: Herramienta para calcular el ratio de Insulina - TipoZero Diabetes\" \/>\n<meta property=\"og:description\" content=\"Herramienta Excel descargable + dos v\u00eddeos que explican en detalle, [&hellip;]\" \/>\n<meta property=\"og:url\" content=\"https:\/\/tipozerodiabetes.com\/en\/product\/mini-curso-herramienta-para-calcular-el-ratio-de-insulina\/\" \/>\n<meta property=\"og:site_name\" content=\"TipoZero Diabetes\" \/>\n<meta property=\"article:modified_time\" content=\"2024-09-09T07:38:20+00:00\" \/>\n<meta property=\"og:image\" content=\"https:\/\/tipozerodiabetes.com\/wp-content\/uploads\/2024\/09\/TIPOZERODIABETES.COM_.png\" \/>\n\t<meta property=\"og:image:width\" content=\"1080\" \/>\n\t<meta property=\"og:image:height\" content=\"1080\" \/>\n\t<meta property=\"og:image:type\" content=\"image\/png\" \/>\n<meta name=\"twitter:card\" content=\"summary_large_image\" \/>\n<meta name=\"twitter:label1\" content=\"Est. reading time\" \/>\n\t<meta name=\"twitter:data1\" content=\"1 minute\" \/>\n<script type=\"application\/ld+json\" class=\"yoast-schema-graph\">{\"@context\":\"https:\/\/schema.org\",\"@graph\":[{\"@type\":\"WebPage\",\"@id\":\"https:\/\/tipozerodiabetes.com\/product\/mini-curso-herramienta-para-calcular-el-ratio-de-insulina\/\",\"url\":\"https:\/\/tipozerodiabetes.com\/product\/mini-curso-herramienta-para-calcular-el-ratio-de-insulina\/\",\"name\":\"Mini curso: Herramienta para calcular el ratio de Insulina - TipoZero Diabetes\",\"isPartOf\":{\"@id\":\"https:\/\/tipozerodiabetes.com\/#website\"},\"primaryImageOfPage\":{\"@id\":\"https:\/\/tipozerodiabetes.com\/product\/mini-curso-herramienta-para-calcular-el-ratio-de-insulina\/#primaryimage\"},\"image\":{\"@id\":\"https:\/\/tipozerodiabetes.com\/product\/mini-curso-herramienta-para-calcular-el-ratio-de-insulina\/#primaryimage\"},\"thumbnailUrl\":\"https:\/\/tipozerodiabetes.com\/wp-content\/uploads\/2024\/09\/TIPOZERODIABETES.COM_.png\",\"datePublished\":\"2024-09-06T12:35:04+00:00\",\"dateModified\":\"2024-09-09T07:38:20+00:00\",\"breadcrumb\":{\"@id\":\"https:\/\/tipozerodiabetes.com\/product\/mini-curso-herramienta-para-calcular-el-ratio-de-insulina\/#breadcrumb\"},\"inLanguage\":\"en-US\",\"potentialAction\":[{\"@type\":\"ReadAction\",\"target\":[\"https:\/\/tipozerodiabetes.com\/product\/mini-curso-herramienta-para-calcular-el-ratio-de-insulina\/\"]}]},{\"@type\":\"ImageObject\",\"inLanguage\":\"en-US\",\"@id\":\"https:\/\/tipozerodiabetes.com\/product\/mini-curso-herramienta-para-calcular-el-ratio-de-insulina\/#primaryimage\",\"url\":\"https:\/\/tipozerodiabetes.com\/wp-content\/uploads\/2024\/09\/TIPOZERODIABETES.COM_.png\",\"contentUrl\":\"https:\/\/tipozerodiabetes.com\/wp-content\/uploads\/2024\/09\/TIPOZERODIABETES.COM_.png\",\"width\":1080,\"height\":1080},{\"@type\":\"BreadcrumbList\",\"@id\":\"https:\/\/tipozerodiabetes.com\/product\/mini-curso-herramienta-para-calcular-el-ratio-de-insulina\/#breadcrumb\",\"itemListElement\":[{\"@type\":\"ListItem\",\"position\":1,\"name\":\"Portada\",\"item\":\"https:\/\/tipozerodiabetes.com\/\"},{\"@type\":\"ListItem\",\"position\":2,\"name\":\"Tienda\",\"item\":\"https:\/\/tipozerodiabetes.com\/tienda\/\"},{\"@type\":\"ListItem\",\"position\":3,\"name\":\"Mini curso: Herramienta para calcular el ratio de Insulina\"}]},{\"@type\":\"WebSite\",\"@id\":\"https:\/\/tipozerodiabetes.com\/#website\",\"url\":\"https:\/\/tipozerodiabetes.com\/\",\"name\":\"TipoZero Diabetes\",\"description\":\"Tienda online de productos para la diabetes. Mejora tu calidad vida con productos de alta calidad para la diabetes.\",\"publisher\":{\"@id\":\"https:\/\/tipozerodiabetes.com\/#organization\"},\"potentialAction\":[{\"@type\":\"SearchAction\",\"target\":{\"@type\":\"EntryPoint\",\"urlTemplate\":\"https:\/\/tipozerodiabetes.com\/?s={search_term_string}\"},\"query-input\":{\"@type\":\"PropertyValueSpecification\",\"valueRequired\":true,\"valueName\":\"search_term_string\"}}],\"inLanguage\":\"en-US\"},{\"@type\":\"Organization\",\"@id\":\"https:\/\/tipozerodiabetes.com\/#organization\",\"name\":\"TipoZero Diabetes\",\"url\":\"https:\/\/tipozerodiabetes.com\/\",\"logo\":{\"@type\":\"ImageObject\",\"inLanguage\":\"en-US\",\"@id\":\"https:\/\/tipozerodiabetes.com\/#\/schema\/logo\/image\/\",\"url\":\"https:\/\/tipozerodiabetes.com\/wp-content\/uploads\/2023\/05\/Diseno-sin-titulo-1.png\",\"contentUrl\":\"https:\/\/tipozerodiabetes.com\/wp-content\/uploads\/2023\/05\/Diseno-sin-titulo-1.png\",\"width\":300,\"height\":60,\"caption\":\"TipoZero Diabetes\"},\"image\":{\"@id\":\"https:\/\/tipozerodiabetes.com\/#\/schema\/logo\/image\/\"},\"sameAs\":[\"https:\/\/www.instagram.com\/soytipozero\",\"https:\/\/www.tiktok.com\/@tipozerodiabetes\/\",\"https:\/\/www.youtube.com\/@tipozerodiabetes\"]}]}<\/script>\n<!-- \/ Yoast SEO plugin. -->","yoast_head_json":{"title":"Mini curso: Herramienta para calcular el ratio de Insulina - TipoZero Diabetes","robots":{"index":"index","follow":"follow","max-snippet":"max-snippet:-1","max-image-preview":"max-image-preview:large","max-video-preview":"max-video-preview:-1"},"canonical":"https:\/\/tipozerodiabetes.com\/en\/product\/mini-curso-herramienta-para-calcular-el-ratio-de-insulina\/","og_locale":"en_US","og_type":"article","og_title":"Mini curso: Herramienta para calcular el ratio de Insulina - TipoZero Diabetes","og_description":"Herramienta Excel descargable + dos v\u00eddeos que explican en detalle, [&hellip;]","og_url":"https:\/\/tipozerodiabetes.com\/en\/product\/mini-curso-herramienta-para-calcular-el-ratio-de-insulina\/","og_site_name":"TipoZero Diabetes","article_modified_time":"2024-09-09T07:38:20+00:00","og_image":[{"width":1080,"height":1080,"url":"https:\/\/tipozerodiabetes.com\/wp-content\/uploads\/2024\/09\/TIPOZERODIABETES.COM_.png","type":"image\/png"}],"twitter_card":"summary_large_image","twitter_misc":{"Est. reading time":"1 minute"},"schema":{"@context":"https:\/\/schema.org","@graph":[{"@type":"WebPage","@id":"https:\/\/tipozerodiabetes.com\/product\/mini-curso-herramienta-para-calcular-el-ratio-de-insulina\/","url":"https:\/\/tipozerodiabetes.com\/product\/mini-curso-herramienta-para-calcular-el-ratio-de-insulina\/","name":"Mini curso: Herramienta para calcular el ratio de Insulina - TipoZero Diabetes","isPartOf":{"@id":"https:\/\/tipozerodiabetes.com\/#website"},"primaryImageOfPage":{"@id":"https:\/\/tipozerodiabetes.com\/product\/mini-curso-herramienta-para-calcular-el-ratio-de-insulina\/#primaryimage"},"image":{"@id":"https:\/\/tipozerodiabetes.com\/product\/mini-curso-herramienta-para-calcular-el-ratio-de-insulina\/#primaryimage"},"thumbnailUrl":"https:\/\/tipozerodiabetes.com\/wp-content\/uploads\/2024\/09\/TIPOZERODIABETES.COM_.png","datePublished":"2024-09-06T12:35:04+00:00","dateModified":"2024-09-09T07:38:20+00:00","breadcrumb":{"@id":"https:\/\/tipozerodiabetes.com\/product\/mini-curso-herramienta-para-calcular-el-ratio-de-insulina\/#breadcrumb"},"inLanguage":"en-US","potentialAction":[{"@type":"ReadAction","target":["https:\/\/tipozerodiabetes.com\/product\/mini-curso-herramienta-para-calcular-el-ratio-de-insulina\/"]}]},{"@type":"ImageObject","inLanguage":"en-US","@id":"https:\/\/tipozerodiabetes.com\/product\/mini-curso-herramienta-para-calcular-el-ratio-de-insulina\/#primaryimage","url":"https:\/\/tipozerodiabetes.com\/wp-content\/uploads\/2024\/09\/TIPOZERODIABETES.COM_.png","contentUrl":"https:\/\/tipozerodiabetes.com\/wp-content\/uploads\/2024\/09\/TIPOZERODIABETES.COM_.png","width":1080,"height":1080},{"@type":"BreadcrumbList","@id":"https:\/\/tipozerodiabetes.com\/product\/mini-curso-herramienta-para-calcular-el-ratio-de-insulina\/#breadcrumb","itemListElement":[{"@type":"ListItem","position":1,"name":"Portada","item":"https:\/\/tipozerodiabetes.com\/"},{"@type":"ListItem","position":2,"name":"Tienda","item":"https:\/\/tipozerodiabetes.com\/tienda\/"},{"@type":"ListItem","position":3,"name":"Mini curso: Herramienta para calcular el ratio de Insulina"}]},{"@type":"WebSite","@id":"https:\/\/tipozerodiabetes.com\/#website","url":"https:\/\/tipozerodiabetes.com\/","name":"TipoZero Diabetes","description":"Tienda online de productos para la diabetes. Mejora tu calidad vida con productos de alta calidad para la diabetes.","publisher":{"@id":"https:\/\/tipozerodiabetes.com\/#organization"},"potentialAction":[{"@type":"SearchAction","target":{"@type":"EntryPoint","urlTemplate":"https:\/\/tipozerodiabetes.com\/?s={search_term_string}"},"query-input":{"@type":"PropertyValueSpecification","valueRequired":true,"valueName":"search_term_string"}}],"inLanguage":"en-US"},{"@type":"Organization","@id":"https:\/\/tipozerodiabetes.com\/#organization","name":"TipoZero Diabetes","url":"https:\/\/tipozerodiabetes.com\/","logo":{"@type":"ImageObject","inLanguage":"en-US","@id":"https:\/\/tipozerodiabetes.com\/#\/schema\/logo\/image\/","url":"https:\/\/tipozerodiabetes.com\/wp-content\/uploads\/2023\/05\/Diseno-sin-titulo-1.png","contentUrl":"https:\/\/tipozerodiabetes.com\/wp-content\/uploads\/2023\/05\/Diseno-sin-titulo-1.png","width":300,"height":60,"caption":"TipoZero Diabetes"},"image":{"@id":"https:\/\/tipozerodiabetes.com\/#\/schema\/logo\/image\/"},"sameAs":["https:\/\/www.instagram.com\/soytipozero","https:\/\/www.tiktok.com\/@tipozerodiabetes\/","https:\/\/www.youtube.com\/@tipozerodiabetes"]}]}},"_links":{"self":[{"href":"https:\/\/tipozerodiabetes.com\/en\/wp-json\/wp\/v2\/product\/4503"}],"collection":[{"href":"https:\/\/tipozerodiabetes.com\/en\/wp-json\/wp\/v2\/product"}],"about":[{"href":"https:\/\/tipozerodiabetes.com\/en\/wp-json\/wp\/v2\/types\/product"}],"replies":[{"embeddable":true,"href":"https:\/\/tipozerodiabetes.com\/en\/wp-json\/wp\/v2\/comments?post=4503"}],"wp:featuredmedia":[{"embeddable":true,"href":"https:\/\/tipozerodiabetes.com\/en\/wp-json\/wp\/v2\/media\/4518"}],"wp:attachment":[{"href":"https:\/\/tipozerodiabetes.com\/en\/wp-json\/wp\/v2\/media?parent=4503"}],"wp:term":[{"taxonomy":"product_cat","embeddable":true,"href":"https:\/\/tipozerodiabetes.com\/en\/wp-json\/wp\/v2\/product_cat?post=4503"},{"taxonomy":"product_tag","embeddable":true,"href":"https:\/\/tipozerodiabetes.com\/en\/wp-json\/wp\/v2\/product_tag?post=4503"}],"curies":[{"name":"wp","href":"https:\/\/api.w.org\/{rel}","templated":true}]}}