{"id":3833,"date":"2023-11-02T15:54:39","date_gmt":"2023-11-02T14:54:39","guid":{"rendered":"https:\/\/tipozerodiabetes.com\/?post_type=product&#038;p=3833"},"modified":"2025-08-05T16:33:56","modified_gmt":"2025-08-05T14:33:56","slug":"liguero-de-encaje-para-bomba-de-insulina-carne-2","status":"publish","type":"product","link":"https:\/\/tipozerodiabetes.com\/en\/product\/liguero-de-encaje-para-bomba-de-insulina-carne-2\/","title":{"rendered":"Liguero de encaje para Bomba de Insulina Carne"},"content":{"rendered":"<ul>\n<li>\n<h3><span style=\"color: #000080;\"><em><strong>Se adapta a bombas de insulina\u00a0<\/strong><\/em><\/span><\/h3>\n<\/li>\n<li>\n<h3><em style=\"color: #000080;\"><strong>Soluci\u00f3n elegante, c\u00f3moda y discreta\u00a0<\/strong><\/em><\/h3>\n<\/li>\n<li>\n<h3><span style=\"color: #000080;\"><em><span style=\"color: #000080;\"><span style=\"color: #000080;\">Suave encaje el\u00e1stico\u00a0que se adapta a la pierna<\/span><\/span><\/em><\/span><\/h3>\n<\/li>\n<\/ul>\n<p>&nbsp;<\/p>\n<h4>Liguero de encaje para bomba de insulina<\/h4>\n<p>La liga de encaje est\u00e1 dise\u00f1ada para sujetar firmemente la bomba de insulina a la pierna con gran comodidad. Est\u00e1 confeccionada con un suave encaje el\u00e1stico y se adapta perfectamente a su cuerpo y ofrece una sensaci\u00f3n apenas perceptible y suave sobre la piel.<\/p>\n<p>Un accesorio innovador para las personas con diabetes que les permite mantener sus dispositivos al alcance y ocultos para poder lucir sus vestidos, pantalones o cualquier prenda, olvid\u00e1ndose de llevar bultos en los bolsillos o con la preocupaci\u00f3n de donde colocar la bomba de insulina.<\/p>\n<p>Usa una cinta m\u00e9trica para medir tu muslo y elije la talla que mejor se adapte a ti.<\/p>\n<p><em><strong>Un enfoque diferente en la vida con diabetes, en la cual queremos preocuparnos cada vez menos de nuestros dispositivos.<\/strong><\/em><\/p>\n<p>&nbsp;<\/p>","protected":false},"excerpt":{"rendered":"<p>Se adapta a bombas de insulina\u00a0 Soluci\u00f3n elegante, c\u00f3moda y [&hellip;]<\/p>","protected":false},"featured_media":3814,"comment_status":"open","ping_status":"closed","template":"","meta":[],"product_cat":[97],"product_tag":[112,99,113,101,117,100],"yoast_head":"<!-- This site is optimized with the Yoast SEO plugin v23.4 - https:\/\/yoast.com\/wordpress\/plugins\/seo\/ -->\n<title>Liguero de encaje para Bomba de Insulina Carne - TipoZero Diabetes<\/title>\n<meta name=\"description\" content=\"Liguero para guardar la bomba de insulina de manera c\u00f3moda y discreta. Lleva tu bomba de insulina con la ropa que m\u00e1s te guste sin que se vea.\" \/>\n<meta name=\"robots\" content=\"index, follow, max-snippet:-1, max-image-preview:large, max-video-preview:-1\" \/>\n<link rel=\"canonical\" href=\"https:\/\/tipozerodiabetes.com\/en\/product\/liguero-de-encaje-para-bomba-de-insulina-carne-2\/\" \/>\n<meta property=\"og:locale\" content=\"en_US\" \/>\n<meta property=\"og:type\" content=\"article\" \/>\n<meta property=\"og:title\" content=\"Liguero de encaje para Bomba de Insulina Carne - TipoZero Diabetes\" \/>\n<meta property=\"og:description\" content=\"Liguero para guardar la bomba de insulina de manera c\u00f3moda y discreta. Lleva tu bomba de insulina con la ropa que m\u00e1s te guste sin que se vea.\" \/>\n<meta property=\"og:url\" content=\"https:\/\/tipozerodiabetes.com\/en\/product\/liguero-de-encaje-para-bomba-de-insulina-carne-2\/\" \/>\n<meta property=\"og:site_name\" content=\"TipoZero Diabetes\" \/>\n<meta property=\"article:modified_time\" content=\"2025-08-05T14:33:56+00:00\" \/>\n<meta property=\"og:image\" content=\"https:\/\/tipozerodiabetes.com\/wp-content\/uploads\/2023\/11\/liguero-carne.webp\" \/>\n\t<meta property=\"og:image:width\" content=\"800\" \/>\n\t<meta property=\"og:image:height\" content=\"800\" \/>\n\t<meta property=\"og:image:type\" content=\"image\/webp\" \/>\n<meta name=\"twitter:card\" content=\"summary_large_image\" \/>\n<meta name=\"twitter:label1\" content=\"Est. reading time\" \/>\n\t<meta name=\"twitter:data1\" content=\"1 minute\" \/>\n<script type=\"application\/ld+json\" class=\"yoast-schema-graph\">{\"@context\":\"https:\/\/schema.org\",\"@graph\":[{\"@type\":\"WebPage\",\"@id\":\"https:\/\/tipozerodiabetes.com\/product\/liguero-de-encaje-para-bomba-de-insulina-carne-2\/\",\"url\":\"https:\/\/tipozerodiabetes.com\/product\/liguero-de-encaje-para-bomba-de-insulina-carne-2\/\",\"name\":\"Liguero de encaje para Bomba de Insulina Carne - TipoZero Diabetes\",\"isPartOf\":{\"@id\":\"https:\/\/tipozerodiabetes.com\/#website\"},\"primaryImageOfPage\":{\"@id\":\"https:\/\/tipozerodiabetes.com\/product\/liguero-de-encaje-para-bomba-de-insulina-carne-2\/#primaryimage\"},\"image\":{\"@id\":\"https:\/\/tipozerodiabetes.com\/product\/liguero-de-encaje-para-bomba-de-insulina-carne-2\/#primaryimage\"},\"thumbnailUrl\":\"https:\/\/tipozerodiabetes.com\/wp-content\/uploads\/2023\/11\/liguero-carne.webp\",\"datePublished\":\"2023-11-02T14:54:39+00:00\",\"dateModified\":\"2025-08-05T14:33:56+00:00\",\"description\":\"Liguero para guardar la bomba de insulina de manera c\u00f3moda y discreta. Lleva tu bomba de insulina con la ropa que m\u00e1s te guste sin que se vea.\",\"breadcrumb\":{\"@id\":\"https:\/\/tipozerodiabetes.com\/product\/liguero-de-encaje-para-bomba-de-insulina-carne-2\/#breadcrumb\"},\"inLanguage\":\"en-US\",\"potentialAction\":[{\"@type\":\"ReadAction\",\"target\":[\"https:\/\/tipozerodiabetes.com\/product\/liguero-de-encaje-para-bomba-de-insulina-carne-2\/\"]}]},{\"@type\":\"ImageObject\",\"inLanguage\":\"en-US\",\"@id\":\"https:\/\/tipozerodiabetes.com\/product\/liguero-de-encaje-para-bomba-de-insulina-carne-2\/#primaryimage\",\"url\":\"https:\/\/tipozerodiabetes.com\/wp-content\/uploads\/2023\/11\/liguero-carne.webp\",\"contentUrl\":\"https:\/\/tipozerodiabetes.com\/wp-content\/uploads\/2023\/11\/liguero-carne.webp\",\"width\":800,\"height\":800},{\"@type\":\"BreadcrumbList\",\"@id\":\"https:\/\/tipozerodiabetes.com\/product\/liguero-de-encaje-para-bomba-de-insulina-carne-2\/#breadcrumb\",\"itemListElement\":[{\"@type\":\"ListItem\",\"position\":1,\"name\":\"Portada\",\"item\":\"https:\/\/tipozerodiabetes.com\/\"},{\"@type\":\"ListItem\",\"position\":2,\"name\":\"Tienda\",\"item\":\"https:\/\/tipozerodiabetes.com\/tienda\/\"},{\"@type\":\"ListItem\",\"position\":3,\"name\":\"Liguero de encaje para Bomba de Insulina Carne\"}]},{\"@type\":\"WebSite\",\"@id\":\"https:\/\/tipozerodiabetes.com\/#website\",\"url\":\"https:\/\/tipozerodiabetes.com\/\",\"name\":\"TipoZero Diabetes\",\"description\":\"Tienda online de productos para la diabetes. Mejora tu calidad vida con productos de alta calidad para la diabetes.\",\"publisher\":{\"@id\":\"https:\/\/tipozerodiabetes.com\/#organization\"},\"potentialAction\":[{\"@type\":\"SearchAction\",\"target\":{\"@type\":\"EntryPoint\",\"urlTemplate\":\"https:\/\/tipozerodiabetes.com\/?s={search_term_string}\"},\"query-input\":{\"@type\":\"PropertyValueSpecification\",\"valueRequired\":true,\"valueName\":\"search_term_string\"}}],\"inLanguage\":\"en-US\"},{\"@type\":\"Organization\",\"@id\":\"https:\/\/tipozerodiabetes.com\/#organization\",\"name\":\"TipoZero Diabetes\",\"url\":\"https:\/\/tipozerodiabetes.com\/\",\"logo\":{\"@type\":\"ImageObject\",\"inLanguage\":\"en-US\",\"@id\":\"https:\/\/tipozerodiabetes.com\/#\/schema\/logo\/image\/\",\"url\":\"https:\/\/tipozerodiabetes.com\/wp-content\/uploads\/2023\/05\/Diseno-sin-titulo-1.png\",\"contentUrl\":\"https:\/\/tipozerodiabetes.com\/wp-content\/uploads\/2023\/05\/Diseno-sin-titulo-1.png\",\"width\":300,\"height\":60,\"caption\":\"TipoZero Diabetes\"},\"image\":{\"@id\":\"https:\/\/tipozerodiabetes.com\/#\/schema\/logo\/image\/\"},\"sameAs\":[\"https:\/\/www.instagram.com\/soytipozero\",\"https:\/\/www.tiktok.com\/@tipozerodiabetes\/\",\"https:\/\/www.youtube.com\/@tipozerodiabetes\"]}]}<\/script>\n<!-- \/ Yoast SEO plugin. -->","yoast_head_json":{"title":"Liguero de encaje para Bomba de Insulina Carne - TipoZero Diabetes","description":"Liguero para guardar la bomba de insulina de manera c\u00f3moda y discreta. Lleva tu bomba de insulina con la ropa que m\u00e1s te guste sin que se vea.","robots":{"index":"index","follow":"follow","max-snippet":"max-snippet:-1","max-image-preview":"max-image-preview:large","max-video-preview":"max-video-preview:-1"},"canonical":"https:\/\/tipozerodiabetes.com\/en\/product\/liguero-de-encaje-para-bomba-de-insulina-carne-2\/","og_locale":"en_US","og_type":"article","og_title":"Liguero de encaje para Bomba de Insulina Carne - TipoZero Diabetes","og_description":"Liguero para guardar la bomba de insulina de manera c\u00f3moda y discreta. Lleva tu bomba de insulina con la ropa que m\u00e1s te guste sin que se vea.","og_url":"https:\/\/tipozerodiabetes.com\/en\/product\/liguero-de-encaje-para-bomba-de-insulina-carne-2\/","og_site_name":"TipoZero Diabetes","article_modified_time":"2025-08-05T14:33:56+00:00","og_image":[{"width":800,"height":800,"url":"https:\/\/tipozerodiabetes.com\/wp-content\/uploads\/2023\/11\/liguero-carne.webp","type":"image\/webp"}],"twitter_card":"summary_large_image","twitter_misc":{"Est. reading time":"1 minute"},"schema":{"@context":"https:\/\/schema.org","@graph":[{"@type":"WebPage","@id":"https:\/\/tipozerodiabetes.com\/product\/liguero-de-encaje-para-bomba-de-insulina-carne-2\/","url":"https:\/\/tipozerodiabetes.com\/product\/liguero-de-encaje-para-bomba-de-insulina-carne-2\/","name":"Liguero de encaje para Bomba de Insulina Carne - TipoZero Diabetes","isPartOf":{"@id":"https:\/\/tipozerodiabetes.com\/#website"},"primaryImageOfPage":{"@id":"https:\/\/tipozerodiabetes.com\/product\/liguero-de-encaje-para-bomba-de-insulina-carne-2\/#primaryimage"},"image":{"@id":"https:\/\/tipozerodiabetes.com\/product\/liguero-de-encaje-para-bomba-de-insulina-carne-2\/#primaryimage"},"thumbnailUrl":"https:\/\/tipozerodiabetes.com\/wp-content\/uploads\/2023\/11\/liguero-carne.webp","datePublished":"2023-11-02T14:54:39+00:00","dateModified":"2025-08-05T14:33:56+00:00","description":"Liguero para guardar la bomba de insulina de manera c\u00f3moda y discreta. Lleva tu bomba de insulina con la ropa que m\u00e1s te guste sin que se vea.","breadcrumb":{"@id":"https:\/\/tipozerodiabetes.com\/product\/liguero-de-encaje-para-bomba-de-insulina-carne-2\/#breadcrumb"},"inLanguage":"en-US","potentialAction":[{"@type":"ReadAction","target":["https:\/\/tipozerodiabetes.com\/product\/liguero-de-encaje-para-bomba-de-insulina-carne-2\/"]}]},{"@type":"ImageObject","inLanguage":"en-US","@id":"https:\/\/tipozerodiabetes.com\/product\/liguero-de-encaje-para-bomba-de-insulina-carne-2\/#primaryimage","url":"https:\/\/tipozerodiabetes.com\/wp-content\/uploads\/2023\/11\/liguero-carne.webp","contentUrl":"https:\/\/tipozerodiabetes.com\/wp-content\/uploads\/2023\/11\/liguero-carne.webp","width":800,"height":800},{"@type":"BreadcrumbList","@id":"https:\/\/tipozerodiabetes.com\/product\/liguero-de-encaje-para-bomba-de-insulina-carne-2\/#breadcrumb","itemListElement":[{"@type":"ListItem","position":1,"name":"Portada","item":"https:\/\/tipozerodiabetes.com\/"},{"@type":"ListItem","position":2,"name":"Tienda","item":"https:\/\/tipozerodiabetes.com\/tienda\/"},{"@type":"ListItem","position":3,"name":"Liguero de encaje para Bomba de Insulina Carne"}]},{"@type":"WebSite","@id":"https:\/\/tipozerodiabetes.com\/#website","url":"https:\/\/tipozerodiabetes.com\/","name":"TipoZero Diabetes","description":"Tienda online de productos para la diabetes. Mejora tu calidad vida con productos de alta calidad para la diabetes.","publisher":{"@id":"https:\/\/tipozerodiabetes.com\/#organization"},"potentialAction":[{"@type":"SearchAction","target":{"@type":"EntryPoint","urlTemplate":"https:\/\/tipozerodiabetes.com\/?s={search_term_string}"},"query-input":{"@type":"PropertyValueSpecification","valueRequired":true,"valueName":"search_term_string"}}],"inLanguage":"en-US"},{"@type":"Organization","@id":"https:\/\/tipozerodiabetes.com\/#organization","name":"TipoZero Diabetes","url":"https:\/\/tipozerodiabetes.com\/","logo":{"@type":"ImageObject","inLanguage":"en-US","@id":"https:\/\/tipozerodiabetes.com\/#\/schema\/logo\/image\/","url":"https:\/\/tipozerodiabetes.com\/wp-content\/uploads\/2023\/05\/Diseno-sin-titulo-1.png","contentUrl":"https:\/\/tipozerodiabetes.com\/wp-content\/uploads\/2023\/05\/Diseno-sin-titulo-1.png","width":300,"height":60,"caption":"TipoZero Diabetes"},"image":{"@id":"https:\/\/tipozerodiabetes.com\/#\/schema\/logo\/image\/"},"sameAs":["https:\/\/www.instagram.com\/soytipozero","https:\/\/www.tiktok.com\/@tipozerodiabetes\/","https:\/\/www.youtube.com\/@tipozerodiabetes"]}]}},"_links":{"self":[{"href":"https:\/\/tipozerodiabetes.com\/en\/wp-json\/wp\/v2\/product\/3833"}],"collection":[{"href":"https:\/\/tipozerodiabetes.com\/en\/wp-json\/wp\/v2\/product"}],"about":[{"href":"https:\/\/tipozerodiabetes.com\/en\/wp-json\/wp\/v2\/types\/product"}],"replies":[{"embeddable":true,"href":"https:\/\/tipozerodiabetes.com\/en\/wp-json\/wp\/v2\/comments?post=3833"}],"wp:featuredmedia":[{"embeddable":true,"href":"https:\/\/tipozerodiabetes.com\/en\/wp-json\/wp\/v2\/media\/3814"}],"wp:attachment":[{"href":"https:\/\/tipozerodiabetes.com\/en\/wp-json\/wp\/v2\/media?parent=3833"}],"wp:term":[{"taxonomy":"product_cat","embeddable":true,"href":"https:\/\/tipozerodiabetes.com\/en\/wp-json\/wp\/v2\/product_cat?post=3833"},{"taxonomy":"product_tag","embeddable":true,"href":"https:\/\/tipozerodiabetes.com\/en\/wp-json\/wp\/v2\/product_tag?post=3833"}],"curies":[{"name":"wp","href":"https:\/\/api.w.org\/{rel}","templated":true}]}}