{"id":3826,"date":"2023-11-02T13:26:03","date_gmt":"2023-11-02T12:26:03","guid":{"rendered":"https:\/\/tipozerodiabetes.com\/?post_type=product&#038;p=3826"},"modified":"2024-09-23T21:17:42","modified_gmt":"2024-09-23T19:17:42","slug":"funda-de-sujetador-para-bomba-de-insulina-negro","status":"publish","type":"product","link":"https:\/\/tipozerodiabetes.com\/en\/product\/funda-de-sujetador-para-bomba-de-insulina-negro\/","title":{"rendered":"Funda de sujetador para Bomba de Insulina Negro"},"content":{"rendered":"<ul>\n<li>\n<h3><span style=\"color: #000080;\"><em><strong>Se adapta a bombas de insulina Medtronic, Ypsopump, Tandem y m\u00e1s<\/strong><\/em><\/span><\/h3>\n<\/li>\n<li>\n<h3><em style=\"color: #000080;\"><strong>Soluci\u00f3n elegante, c\u00f3moda y discreta\u00a0<\/strong><\/em><\/h3>\n<\/li>\n<li>\n<h3><span style=\"color: #000080;\"><em><span style=\"color: #000080;\"><span style=\"color: #000080;\">Encaja extra suave<\/span><\/span><\/em><\/span><\/h3>\n<\/li>\n<\/ul>\n<p>&nbsp;<\/p>\n<h4>Funda de sujetador para bomba de insulina<\/h4>\n<p>La funda para sujetador esta dise\u00f1ada para llevar la bomba de insulina adaptada al sujetador. Es universal ya que vale para cualquier bomba de insulina y es un complemento ideal que da un toque femenino y c\u00f3modo a la vez que \u00fatil, ya que tiene f\u00e1cil acceso y hace que sea m\u00e1s sencillo el d\u00eda a d\u00eda.<\/p>\n<p><em><strong>Un enfoque diferente en la vida con diabetes, en la cual queremos preocuparnos cada vez menos de nuestros dispositivos.<\/strong><\/em><\/p>\n<p>&nbsp;<\/p>","protected":false},"excerpt":{"rendered":"<p>Se adapta a bombas de insulina Medtronic, Ypsopump, Tandem y [&hellip;]<\/p>","protected":false},"featured_media":3823,"comment_status":"open","ping_status":"closed","template":"","meta":[],"product_cat":[97],"product_tag":[112,99,113,101,117,100],"yoast_head":"<!-- This site is optimized with the Yoast SEO plugin v23.4 - https:\/\/yoast.com\/wordpress\/plugins\/seo\/ -->\n<title>Funda de sujetador para Bomba de Insulina Negro - TipoZero Diabetes<\/title>\n<meta name=\"description\" content=\"Funda para llevar la bomba de insulina adaptada en el sujetador. Lleva tu bomba de insulina c\u00f3modamente y con estilo.\" \/>\n<meta name=\"robots\" content=\"index, follow, max-snippet:-1, max-image-preview:large, max-video-preview:-1\" \/>\n<link rel=\"canonical\" href=\"https:\/\/tipozerodiabetes.com\/en\/product\/funda-de-sujetador-para-bomba-de-insulina-negro\/\" \/>\n<meta property=\"og:locale\" content=\"en_US\" \/>\n<meta property=\"og:type\" content=\"article\" \/>\n<meta property=\"og:title\" content=\"Funda de sujetador para Bomba de Insulina Negro - TipoZero Diabetes\" \/>\n<meta property=\"og:description\" content=\"Funda para llevar la bomba de insulina adaptada en el sujetador. Lleva tu bomba de insulina c\u00f3modamente y con estilo.\" \/>\n<meta property=\"og:url\" content=\"https:\/\/tipozerodiabetes.com\/en\/product\/funda-de-sujetador-para-bomba-de-insulina-negro\/\" \/>\n<meta property=\"og:site_name\" content=\"TipoZero Diabetes\" \/>\n<meta property=\"article:modified_time\" content=\"2024-09-23T19:17:42+00:00\" \/>\n<meta property=\"og:image\" content=\"https:\/\/tipozerodiabetes.com\/wp-content\/uploads\/2023\/11\/adaptador-negro.webp\" \/>\n\t<meta property=\"og:image:width\" content=\"800\" \/>\n\t<meta property=\"og:image:height\" content=\"800\" \/>\n\t<meta property=\"og:image:type\" content=\"image\/webp\" \/>\n<meta name=\"twitter:card\" content=\"summary_large_image\" \/>\n<meta name=\"twitter:label1\" content=\"Est. reading time\" \/>\n\t<meta name=\"twitter:data1\" content=\"1 minute\" \/>\n<script type=\"application\/ld+json\" class=\"yoast-schema-graph\">{\"@context\":\"https:\/\/schema.org\",\"@graph\":[{\"@type\":\"WebPage\",\"@id\":\"https:\/\/tipozerodiabetes.com\/product\/funda-de-sujetador-para-bomba-de-insulina-negro\/\",\"url\":\"https:\/\/tipozerodiabetes.com\/product\/funda-de-sujetador-para-bomba-de-insulina-negro\/\",\"name\":\"Funda de sujetador para Bomba de Insulina Negro - TipoZero Diabetes\",\"isPartOf\":{\"@id\":\"https:\/\/tipozerodiabetes.com\/#website\"},\"primaryImageOfPage\":{\"@id\":\"https:\/\/tipozerodiabetes.com\/product\/funda-de-sujetador-para-bomba-de-insulina-negro\/#primaryimage\"},\"image\":{\"@id\":\"https:\/\/tipozerodiabetes.com\/product\/funda-de-sujetador-para-bomba-de-insulina-negro\/#primaryimage\"},\"thumbnailUrl\":\"https:\/\/tipozerodiabetes.com\/wp-content\/uploads\/2023\/11\/adaptador-negro.webp\",\"datePublished\":\"2023-11-02T12:26:03+00:00\",\"dateModified\":\"2024-09-23T19:17:42+00:00\",\"description\":\"Funda para llevar la bomba de insulina adaptada en el sujetador. Lleva tu bomba de insulina c\u00f3modamente y con estilo.\",\"breadcrumb\":{\"@id\":\"https:\/\/tipozerodiabetes.com\/product\/funda-de-sujetador-para-bomba-de-insulina-negro\/#breadcrumb\"},\"inLanguage\":\"en-US\",\"potentialAction\":[{\"@type\":\"ReadAction\",\"target\":[\"https:\/\/tipozerodiabetes.com\/product\/funda-de-sujetador-para-bomba-de-insulina-negro\/\"]}]},{\"@type\":\"ImageObject\",\"inLanguage\":\"en-US\",\"@id\":\"https:\/\/tipozerodiabetes.com\/product\/funda-de-sujetador-para-bomba-de-insulina-negro\/#primaryimage\",\"url\":\"https:\/\/tipozerodiabetes.com\/wp-content\/uploads\/2023\/11\/adaptador-negro.webp\",\"contentUrl\":\"https:\/\/tipozerodiabetes.com\/wp-content\/uploads\/2023\/11\/adaptador-negro.webp\",\"width\":800,\"height\":800},{\"@type\":\"BreadcrumbList\",\"@id\":\"https:\/\/tipozerodiabetes.com\/product\/funda-de-sujetador-para-bomba-de-insulina-negro\/#breadcrumb\",\"itemListElement\":[{\"@type\":\"ListItem\",\"position\":1,\"name\":\"Portada\",\"item\":\"https:\/\/tipozerodiabetes.com\/\"},{\"@type\":\"ListItem\",\"position\":2,\"name\":\"Tienda\",\"item\":\"https:\/\/tipozerodiabetes.com\/tienda\/\"},{\"@type\":\"ListItem\",\"position\":3,\"name\":\"Funda de sujetador para Bomba de Insulina Negro\"}]},{\"@type\":\"WebSite\",\"@id\":\"https:\/\/tipozerodiabetes.com\/#website\",\"url\":\"https:\/\/tipozerodiabetes.com\/\",\"name\":\"TipoZero Diabetes\",\"description\":\"Tienda online de productos para la diabetes. Mejora tu calidad vida con productos de alta calidad para la diabetes.\",\"publisher\":{\"@id\":\"https:\/\/tipozerodiabetes.com\/#organization\"},\"potentialAction\":[{\"@type\":\"SearchAction\",\"target\":{\"@type\":\"EntryPoint\",\"urlTemplate\":\"https:\/\/tipozerodiabetes.com\/?s={search_term_string}\"},\"query-input\":{\"@type\":\"PropertyValueSpecification\",\"valueRequired\":true,\"valueName\":\"search_term_string\"}}],\"inLanguage\":\"en-US\"},{\"@type\":\"Organization\",\"@id\":\"https:\/\/tipozerodiabetes.com\/#organization\",\"name\":\"TipoZero Diabetes\",\"url\":\"https:\/\/tipozerodiabetes.com\/\",\"logo\":{\"@type\":\"ImageObject\",\"inLanguage\":\"en-US\",\"@id\":\"https:\/\/tipozerodiabetes.com\/#\/schema\/logo\/image\/\",\"url\":\"https:\/\/tipozerodiabetes.com\/wp-content\/uploads\/2023\/05\/Diseno-sin-titulo-1.png\",\"contentUrl\":\"https:\/\/tipozerodiabetes.com\/wp-content\/uploads\/2023\/05\/Diseno-sin-titulo-1.png\",\"width\":300,\"height\":60,\"caption\":\"TipoZero Diabetes\"},\"image\":{\"@id\":\"https:\/\/tipozerodiabetes.com\/#\/schema\/logo\/image\/\"},\"sameAs\":[\"https:\/\/www.instagram.com\/soytipozero\",\"https:\/\/www.tiktok.com\/@tipozerodiabetes\/\",\"https:\/\/www.youtube.com\/@tipozerodiabetes\"]}]}<\/script>\n<!-- \/ Yoast SEO plugin. -->","yoast_head_json":{"title":"Funda de sujetador para Bomba de Insulina Negro - TipoZero Diabetes","description":"Funda para llevar la bomba de insulina adaptada en el sujetador. Lleva tu bomba de insulina c\u00f3modamente y con estilo.","robots":{"index":"index","follow":"follow","max-snippet":"max-snippet:-1","max-image-preview":"max-image-preview:large","max-video-preview":"max-video-preview:-1"},"canonical":"https:\/\/tipozerodiabetes.com\/en\/product\/funda-de-sujetador-para-bomba-de-insulina-negro\/","og_locale":"en_US","og_type":"article","og_title":"Funda de sujetador para Bomba de Insulina Negro - TipoZero Diabetes","og_description":"Funda para llevar la bomba de insulina adaptada en el sujetador. Lleva tu bomba de insulina c\u00f3modamente y con estilo.","og_url":"https:\/\/tipozerodiabetes.com\/en\/product\/funda-de-sujetador-para-bomba-de-insulina-negro\/","og_site_name":"TipoZero Diabetes","article_modified_time":"2024-09-23T19:17:42+00:00","og_image":[{"width":800,"height":800,"url":"https:\/\/tipozerodiabetes.com\/wp-content\/uploads\/2023\/11\/adaptador-negro.webp","type":"image\/webp"}],"twitter_card":"summary_large_image","twitter_misc":{"Est. reading time":"1 minute"},"schema":{"@context":"https:\/\/schema.org","@graph":[{"@type":"WebPage","@id":"https:\/\/tipozerodiabetes.com\/product\/funda-de-sujetador-para-bomba-de-insulina-negro\/","url":"https:\/\/tipozerodiabetes.com\/product\/funda-de-sujetador-para-bomba-de-insulina-negro\/","name":"Funda de sujetador para Bomba de Insulina Negro - TipoZero Diabetes","isPartOf":{"@id":"https:\/\/tipozerodiabetes.com\/#website"},"primaryImageOfPage":{"@id":"https:\/\/tipozerodiabetes.com\/product\/funda-de-sujetador-para-bomba-de-insulina-negro\/#primaryimage"},"image":{"@id":"https:\/\/tipozerodiabetes.com\/product\/funda-de-sujetador-para-bomba-de-insulina-negro\/#primaryimage"},"thumbnailUrl":"https:\/\/tipozerodiabetes.com\/wp-content\/uploads\/2023\/11\/adaptador-negro.webp","datePublished":"2023-11-02T12:26:03+00:00","dateModified":"2024-09-23T19:17:42+00:00","description":"Funda para llevar la bomba de insulina adaptada en el sujetador. Lleva tu bomba de insulina c\u00f3modamente y con estilo.","breadcrumb":{"@id":"https:\/\/tipozerodiabetes.com\/product\/funda-de-sujetador-para-bomba-de-insulina-negro\/#breadcrumb"},"inLanguage":"en-US","potentialAction":[{"@type":"ReadAction","target":["https:\/\/tipozerodiabetes.com\/product\/funda-de-sujetador-para-bomba-de-insulina-negro\/"]}]},{"@type":"ImageObject","inLanguage":"en-US","@id":"https:\/\/tipozerodiabetes.com\/product\/funda-de-sujetador-para-bomba-de-insulina-negro\/#primaryimage","url":"https:\/\/tipozerodiabetes.com\/wp-content\/uploads\/2023\/11\/adaptador-negro.webp","contentUrl":"https:\/\/tipozerodiabetes.com\/wp-content\/uploads\/2023\/11\/adaptador-negro.webp","width":800,"height":800},{"@type":"BreadcrumbList","@id":"https:\/\/tipozerodiabetes.com\/product\/funda-de-sujetador-para-bomba-de-insulina-negro\/#breadcrumb","itemListElement":[{"@type":"ListItem","position":1,"name":"Portada","item":"https:\/\/tipozerodiabetes.com\/"},{"@type":"ListItem","position":2,"name":"Tienda","item":"https:\/\/tipozerodiabetes.com\/tienda\/"},{"@type":"ListItem","position":3,"name":"Funda de sujetador para Bomba de Insulina Negro"}]},{"@type":"WebSite","@id":"https:\/\/tipozerodiabetes.com\/#website","url":"https:\/\/tipozerodiabetes.com\/","name":"TipoZero Diabetes","description":"Tienda online de productos para la diabetes. Mejora tu calidad vida con productos de alta calidad para la diabetes.","publisher":{"@id":"https:\/\/tipozerodiabetes.com\/#organization"},"potentialAction":[{"@type":"SearchAction","target":{"@type":"EntryPoint","urlTemplate":"https:\/\/tipozerodiabetes.com\/?s={search_term_string}"},"query-input":{"@type":"PropertyValueSpecification","valueRequired":true,"valueName":"search_term_string"}}],"inLanguage":"en-US"},{"@type":"Organization","@id":"https:\/\/tipozerodiabetes.com\/#organization","name":"TipoZero Diabetes","url":"https:\/\/tipozerodiabetes.com\/","logo":{"@type":"ImageObject","inLanguage":"en-US","@id":"https:\/\/tipozerodiabetes.com\/#\/schema\/logo\/image\/","url":"https:\/\/tipozerodiabetes.com\/wp-content\/uploads\/2023\/05\/Diseno-sin-titulo-1.png","contentUrl":"https:\/\/tipozerodiabetes.com\/wp-content\/uploads\/2023\/05\/Diseno-sin-titulo-1.png","width":300,"height":60,"caption":"TipoZero Diabetes"},"image":{"@id":"https:\/\/tipozerodiabetes.com\/#\/schema\/logo\/image\/"},"sameAs":["https:\/\/www.instagram.com\/soytipozero","https:\/\/www.tiktok.com\/@tipozerodiabetes\/","https:\/\/www.youtube.com\/@tipozerodiabetes"]}]}},"_links":{"self":[{"href":"https:\/\/tipozerodiabetes.com\/en\/wp-json\/wp\/v2\/product\/3826"}],"collection":[{"href":"https:\/\/tipozerodiabetes.com\/en\/wp-json\/wp\/v2\/product"}],"about":[{"href":"https:\/\/tipozerodiabetes.com\/en\/wp-json\/wp\/v2\/types\/product"}],"replies":[{"embeddable":true,"href":"https:\/\/tipozerodiabetes.com\/en\/wp-json\/wp\/v2\/comments?post=3826"}],"wp:featuredmedia":[{"embeddable":true,"href":"https:\/\/tipozerodiabetes.com\/en\/wp-json\/wp\/v2\/media\/3823"}],"wp:attachment":[{"href":"https:\/\/tipozerodiabetes.com\/en\/wp-json\/wp\/v2\/media?parent=3826"}],"wp:term":[{"taxonomy":"product_cat","embeddable":true,"href":"https:\/\/tipozerodiabetes.com\/en\/wp-json\/wp\/v2\/product_cat?post=3826"},{"taxonomy":"product_tag","embeddable":true,"href":"https:\/\/tipozerodiabetes.com\/en\/wp-json\/wp\/v2\/product_tag?post=3826"}],"curies":[{"name":"wp","href":"https:\/\/api.w.org\/{rel}","templated":true}]}}