{"id":3789,"date":"2023-11-02T10:54:42","date_gmt":"2023-11-02T09:54:42","guid":{"rendered":"https:\/\/tipozerodiabetes.com\/?post_type=product&#038;p=3789"},"modified":"2025-05-05T21:13:28","modified_gmt":"2025-05-05T19:13:28","slug":"cinturon-para-bomba-de-insulina-universal-negro","status":"publish","type":"product","link":"https:\/\/tipozerodiabetes.com\/en\/product\/cinturon-para-bomba-de-insulina-universal-negro\/","title":{"rendered":"Cintur\u00f3n para bomba de insulina Universal Negro"},"content":{"rendered":"<ul>\n<li>\n<h3><span style=\"color: #000080;\"><em><strong>Se adapta a bombas de insulina Medtronic, Ypsopump, Tandem, Accu Check y muchas m\u00e1s<\/strong><\/em><\/span><\/h3>\n<\/li>\n<li>\n<h3><span style=\"color: #000080;\"><em><strong>Tambi\u00e9n v\u00e1lido para gluc\u00f3metros<\/strong><\/em><\/span><\/h3>\n<\/li>\n<li>\n<h3><span style=\"color: #000080;\"><em><strong>Dos aberturas traseras reforzadas para una segura inserci\u00f3n de tubos de infusi\u00f3n<\/strong><\/em><\/span><\/h3>\n<\/li>\n<li>\n<h3><span style=\"color: #000080;\"><em><span style=\"color: #000080;\">Tejido el\u00e1stico de calidad para un ajuste y comodidad perfectos<\/span><\/em><\/span><\/h3>\n<\/li>\n<\/ul>\n<p>&nbsp;<\/p>\n<h4>Cintur\u00f3n para bomba de insulina<\/h4>\n<p>Este cintur\u00f3n esta perfectamente dise\u00f1ado para su bomba de insulina. Es muy ligero y puede llevarlo ajustado a la cintura o discretamente debajo de la ropa para una comodidad \u00f3ptima. Disfrute de una mayor libertad de movimientos gracias a su bolsillo interior con dos aberturas reforzadas para el tubo de infusi\u00f3n. Este cintur\u00f3n se adapta a cualquier cuerpo y a todas las marcas de bombas de insulina.<\/p>\n<p><em><strong>Lleva tu bomba de insulina de una manera c\u00f3moda y discreta y olv\u00eddate por una rato de ella!<\/strong><\/em><\/p>","protected":false},"excerpt":{"rendered":"<p>Se adapta a bombas de insulina Medtronic, Ypsopump, Tandem, Accu [&hellip;]<\/p>","protected":false},"featured_media":3794,"comment_status":"open","ping_status":"closed","template":"","meta":[],"product_cat":[43],"product_tag":[112,99,113,101,102,100],"yoast_head":"<!-- This site is optimized with the Yoast SEO plugin v23.4 - https:\/\/yoast.com\/wordpress\/plugins\/seo\/ -->\n<title>Cintur\u00f3n para bomba de insulina Universal Negro - TipoZero Diabetes<\/title>\n<meta name=\"description\" content=\"Cintur\u00f3n dise\u00f1ado para llevar la bomba de insulina de una manera c\u00f3moda y discreta. Se adapta a todas las bombas de insulina.\" \/>\n<meta name=\"robots\" content=\"index, follow, max-snippet:-1, max-image-preview:large, max-video-preview:-1\" \/>\n<link rel=\"canonical\" href=\"https:\/\/tipozerodiabetes.com\/en\/product\/cinturon-para-bomba-de-insulina-universal-negro\/\" \/>\n<meta property=\"og:locale\" content=\"en_US\" \/>\n<meta property=\"og:type\" content=\"article\" \/>\n<meta property=\"og:title\" content=\"Cintur\u00f3n para bomba de insulina Universal Negro - TipoZero Diabetes\" \/>\n<meta property=\"og:description\" content=\"Cintur\u00f3n dise\u00f1ado para llevar la bomba de insulina de una manera c\u00f3moda y discreta. Se adapta a todas las bombas de insulina.\" \/>\n<meta property=\"og:url\" content=\"https:\/\/tipozerodiabetes.com\/en\/product\/cinturon-para-bomba-de-insulina-universal-negro\/\" \/>\n<meta property=\"og:site_name\" content=\"TipoZero Diabetes\" \/>\n<meta property=\"article:modified_time\" content=\"2025-05-05T19:13:28+00:00\" \/>\n<meta property=\"og:image\" content=\"https:\/\/tipozerodiabetes.com\/wp-content\/uploads\/2023\/11\/Cinturon-negro.webp\" \/>\n\t<meta property=\"og:image:width\" content=\"800\" \/>\n\t<meta property=\"og:image:height\" content=\"800\" \/>\n\t<meta property=\"og:image:type\" content=\"image\/webp\" \/>\n<meta name=\"twitter:card\" content=\"summary_large_image\" \/>\n<meta name=\"twitter:label1\" content=\"Est. reading time\" \/>\n\t<meta name=\"twitter:data1\" content=\"1 minute\" \/>\n<script type=\"application\/ld+json\" class=\"yoast-schema-graph\">{\"@context\":\"https:\/\/schema.org\",\"@graph\":[{\"@type\":\"WebPage\",\"@id\":\"https:\/\/tipozerodiabetes.com\/product\/cinturon-para-bomba-de-insulina-universal-negro\/\",\"url\":\"https:\/\/tipozerodiabetes.com\/product\/cinturon-para-bomba-de-insulina-universal-negro\/\",\"name\":\"Cintur\u00f3n para bomba de insulina Universal Negro - TipoZero Diabetes\",\"isPartOf\":{\"@id\":\"https:\/\/tipozerodiabetes.com\/#website\"},\"primaryImageOfPage\":{\"@id\":\"https:\/\/tipozerodiabetes.com\/product\/cinturon-para-bomba-de-insulina-universal-negro\/#primaryimage\"},\"image\":{\"@id\":\"https:\/\/tipozerodiabetes.com\/product\/cinturon-para-bomba-de-insulina-universal-negro\/#primaryimage\"},\"thumbnailUrl\":\"https:\/\/tipozerodiabetes.com\/wp-content\/uploads\/2023\/11\/Cinturon-negro.webp\",\"datePublished\":\"2023-11-02T09:54:42+00:00\",\"dateModified\":\"2025-05-05T19:13:28+00:00\",\"description\":\"Cintur\u00f3n dise\u00f1ado para llevar la bomba de insulina de una manera c\u00f3moda y discreta. Se adapta a todas las bombas de insulina.\",\"breadcrumb\":{\"@id\":\"https:\/\/tipozerodiabetes.com\/product\/cinturon-para-bomba-de-insulina-universal-negro\/#breadcrumb\"},\"inLanguage\":\"en-US\",\"potentialAction\":[{\"@type\":\"ReadAction\",\"target\":[\"https:\/\/tipozerodiabetes.com\/product\/cinturon-para-bomba-de-insulina-universal-negro\/\"]}]},{\"@type\":\"ImageObject\",\"inLanguage\":\"en-US\",\"@id\":\"https:\/\/tipozerodiabetes.com\/product\/cinturon-para-bomba-de-insulina-universal-negro\/#primaryimage\",\"url\":\"https:\/\/tipozerodiabetes.com\/wp-content\/uploads\/2023\/11\/Cinturon-negro.webp\",\"contentUrl\":\"https:\/\/tipozerodiabetes.com\/wp-content\/uploads\/2023\/11\/Cinturon-negro.webp\",\"width\":800,\"height\":800},{\"@type\":\"BreadcrumbList\",\"@id\":\"https:\/\/tipozerodiabetes.com\/product\/cinturon-para-bomba-de-insulina-universal-negro\/#breadcrumb\",\"itemListElement\":[{\"@type\":\"ListItem\",\"position\":1,\"name\":\"Portada\",\"item\":\"https:\/\/tipozerodiabetes.com\/\"},{\"@type\":\"ListItem\",\"position\":2,\"name\":\"Tienda\",\"item\":\"https:\/\/tipozerodiabetes.com\/tienda\/\"},{\"@type\":\"ListItem\",\"position\":3,\"name\":\"Cintur\u00f3n para bomba de insulina Universal Negro\"}]},{\"@type\":\"WebSite\",\"@id\":\"https:\/\/tipozerodiabetes.com\/#website\",\"url\":\"https:\/\/tipozerodiabetes.com\/\",\"name\":\"TipoZero Diabetes\",\"description\":\"Tienda online de productos para la diabetes. Mejora tu calidad vida con productos de alta calidad para la diabetes.\",\"publisher\":{\"@id\":\"https:\/\/tipozerodiabetes.com\/#organization\"},\"potentialAction\":[{\"@type\":\"SearchAction\",\"target\":{\"@type\":\"EntryPoint\",\"urlTemplate\":\"https:\/\/tipozerodiabetes.com\/?s={search_term_string}\"},\"query-input\":{\"@type\":\"PropertyValueSpecification\",\"valueRequired\":true,\"valueName\":\"search_term_string\"}}],\"inLanguage\":\"en-US\"},{\"@type\":\"Organization\",\"@id\":\"https:\/\/tipozerodiabetes.com\/#organization\",\"name\":\"TipoZero Diabetes\",\"url\":\"https:\/\/tipozerodiabetes.com\/\",\"logo\":{\"@type\":\"ImageObject\",\"inLanguage\":\"en-US\",\"@id\":\"https:\/\/tipozerodiabetes.com\/#\/schema\/logo\/image\/\",\"url\":\"https:\/\/tipozerodiabetes.com\/wp-content\/uploads\/2023\/05\/Diseno-sin-titulo-1.png\",\"contentUrl\":\"https:\/\/tipozerodiabetes.com\/wp-content\/uploads\/2023\/05\/Diseno-sin-titulo-1.png\",\"width\":300,\"height\":60,\"caption\":\"TipoZero Diabetes\"},\"image\":{\"@id\":\"https:\/\/tipozerodiabetes.com\/#\/schema\/logo\/image\/\"},\"sameAs\":[\"https:\/\/www.instagram.com\/soytipozero\",\"https:\/\/www.tiktok.com\/@tipozerodiabetes\/\",\"https:\/\/www.youtube.com\/@tipozerodiabetes\"]}]}<\/script>\n<!-- \/ Yoast SEO plugin. -->","yoast_head_json":{"title":"Cintur\u00f3n para bomba de insulina Universal Negro - TipoZero Diabetes","description":"Cintur\u00f3n dise\u00f1ado para llevar la bomba de insulina de una manera c\u00f3moda y discreta. Se adapta a todas las bombas de insulina.","robots":{"index":"index","follow":"follow","max-snippet":"max-snippet:-1","max-image-preview":"max-image-preview:large","max-video-preview":"max-video-preview:-1"},"canonical":"https:\/\/tipozerodiabetes.com\/en\/product\/cinturon-para-bomba-de-insulina-universal-negro\/","og_locale":"en_US","og_type":"article","og_title":"Cintur\u00f3n para bomba de insulina Universal Negro - TipoZero Diabetes","og_description":"Cintur\u00f3n dise\u00f1ado para llevar la bomba de insulina de una manera c\u00f3moda y discreta. Se adapta a todas las bombas de insulina.","og_url":"https:\/\/tipozerodiabetes.com\/en\/product\/cinturon-para-bomba-de-insulina-universal-negro\/","og_site_name":"TipoZero Diabetes","article_modified_time":"2025-05-05T19:13:28+00:00","og_image":[{"width":800,"height":800,"url":"https:\/\/tipozerodiabetes.com\/wp-content\/uploads\/2023\/11\/Cinturon-negro.webp","type":"image\/webp"}],"twitter_card":"summary_large_image","twitter_misc":{"Est. reading time":"1 minute"},"schema":{"@context":"https:\/\/schema.org","@graph":[{"@type":"WebPage","@id":"https:\/\/tipozerodiabetes.com\/product\/cinturon-para-bomba-de-insulina-universal-negro\/","url":"https:\/\/tipozerodiabetes.com\/product\/cinturon-para-bomba-de-insulina-universal-negro\/","name":"Cintur\u00f3n para bomba de insulina Universal Negro - TipoZero Diabetes","isPartOf":{"@id":"https:\/\/tipozerodiabetes.com\/#website"},"primaryImageOfPage":{"@id":"https:\/\/tipozerodiabetes.com\/product\/cinturon-para-bomba-de-insulina-universal-negro\/#primaryimage"},"image":{"@id":"https:\/\/tipozerodiabetes.com\/product\/cinturon-para-bomba-de-insulina-universal-negro\/#primaryimage"},"thumbnailUrl":"https:\/\/tipozerodiabetes.com\/wp-content\/uploads\/2023\/11\/Cinturon-negro.webp","datePublished":"2023-11-02T09:54:42+00:00","dateModified":"2025-05-05T19:13:28+00:00","description":"Cintur\u00f3n dise\u00f1ado para llevar la bomba de insulina de una manera c\u00f3moda y discreta. Se adapta a todas las bombas de insulina.","breadcrumb":{"@id":"https:\/\/tipozerodiabetes.com\/product\/cinturon-para-bomba-de-insulina-universal-negro\/#breadcrumb"},"inLanguage":"en-US","potentialAction":[{"@type":"ReadAction","target":["https:\/\/tipozerodiabetes.com\/product\/cinturon-para-bomba-de-insulina-universal-negro\/"]}]},{"@type":"ImageObject","inLanguage":"en-US","@id":"https:\/\/tipozerodiabetes.com\/product\/cinturon-para-bomba-de-insulina-universal-negro\/#primaryimage","url":"https:\/\/tipozerodiabetes.com\/wp-content\/uploads\/2023\/11\/Cinturon-negro.webp","contentUrl":"https:\/\/tipozerodiabetes.com\/wp-content\/uploads\/2023\/11\/Cinturon-negro.webp","width":800,"height":800},{"@type":"BreadcrumbList","@id":"https:\/\/tipozerodiabetes.com\/product\/cinturon-para-bomba-de-insulina-universal-negro\/#breadcrumb","itemListElement":[{"@type":"ListItem","position":1,"name":"Portada","item":"https:\/\/tipozerodiabetes.com\/"},{"@type":"ListItem","position":2,"name":"Tienda","item":"https:\/\/tipozerodiabetes.com\/tienda\/"},{"@type":"ListItem","position":3,"name":"Cintur\u00f3n para bomba de insulina Universal Negro"}]},{"@type":"WebSite","@id":"https:\/\/tipozerodiabetes.com\/#website","url":"https:\/\/tipozerodiabetes.com\/","name":"TipoZero Diabetes","description":"Tienda online de productos para la diabetes. Mejora tu calidad vida con productos de alta calidad para la diabetes.","publisher":{"@id":"https:\/\/tipozerodiabetes.com\/#organization"},"potentialAction":[{"@type":"SearchAction","target":{"@type":"EntryPoint","urlTemplate":"https:\/\/tipozerodiabetes.com\/?s={search_term_string}"},"query-input":{"@type":"PropertyValueSpecification","valueRequired":true,"valueName":"search_term_string"}}],"inLanguage":"en-US"},{"@type":"Organization","@id":"https:\/\/tipozerodiabetes.com\/#organization","name":"TipoZero Diabetes","url":"https:\/\/tipozerodiabetes.com\/","logo":{"@type":"ImageObject","inLanguage":"en-US","@id":"https:\/\/tipozerodiabetes.com\/#\/schema\/logo\/image\/","url":"https:\/\/tipozerodiabetes.com\/wp-content\/uploads\/2023\/05\/Diseno-sin-titulo-1.png","contentUrl":"https:\/\/tipozerodiabetes.com\/wp-content\/uploads\/2023\/05\/Diseno-sin-titulo-1.png","width":300,"height":60,"caption":"TipoZero Diabetes"},"image":{"@id":"https:\/\/tipozerodiabetes.com\/#\/schema\/logo\/image\/"},"sameAs":["https:\/\/www.instagram.com\/soytipozero","https:\/\/www.tiktok.com\/@tipozerodiabetes\/","https:\/\/www.youtube.com\/@tipozerodiabetes"]}]}},"_links":{"self":[{"href":"https:\/\/tipozerodiabetes.com\/en\/wp-json\/wp\/v2\/product\/3789"}],"collection":[{"href":"https:\/\/tipozerodiabetes.com\/en\/wp-json\/wp\/v2\/product"}],"about":[{"href":"https:\/\/tipozerodiabetes.com\/en\/wp-json\/wp\/v2\/types\/product"}],"replies":[{"embeddable":true,"href":"https:\/\/tipozerodiabetes.com\/en\/wp-json\/wp\/v2\/comments?post=3789"}],"wp:featuredmedia":[{"embeddable":true,"href":"https:\/\/tipozerodiabetes.com\/en\/wp-json\/wp\/v2\/media\/3794"}],"wp:attachment":[{"href":"https:\/\/tipozerodiabetes.com\/en\/wp-json\/wp\/v2\/media?parent=3789"}],"wp:term":[{"taxonomy":"product_cat","embeddable":true,"href":"https:\/\/tipozerodiabetes.com\/en\/wp-json\/wp\/v2\/product_cat?post=3789"},{"taxonomy":"product_tag","embeddable":true,"href":"https:\/\/tipozerodiabetes.com\/en\/wp-json\/wp\/v2\/product_tag?post=3789"}],"curies":[{"name":"wp","href":"https:\/\/api.w.org\/{rel}","templated":true}]}}