{"id":3540,"date":"2023-09-14T13:33:02","date_gmt":"2023-09-14T11:33:02","guid":{"rendered":"\/?post_type=product&#038;p=3540"},"modified":"2024-03-23T14:03:29","modified_gmt":"2024-03-23T13:03:29","slug":"pinchador-elinic","status":"publish","type":"product","link":"https:\/\/tipozerodiabetes.com\/en\/product\/pinchador-elinic\/","title":{"rendered":"Pinchador dispositivo de punci\u00f3n"},"content":{"rendered":"<p>La punci\u00f3n se realiza al presionar y disparar el dispositivo\u00a0<strong>con un simple clic<\/strong>. Esto hace que la obtenci\u00f3n de la gota de sangre sea m\u00e1s r\u00e1pida y c\u00f3moda, ya que la punci\u00f3n se realiza en menos pasos.<\/p>\n<p>El dispositivo cuenta con\u00a0<strong>un indicador y cinco niveles de profundidad de punci\u00f3n<\/strong>\u00a0para adaptarse a diferentes tipos de piel y es\u00a0<strong>compatible tanto con lancetas Elinic como universales<\/strong>.<\/p>\n<p>Tambi\u00e9n cuenta con\u00a0<strong>un sistema de guiado de la lanceta exclusivo<\/strong>\u00a0que minimiza vibraciones y oscilaciones, lo que proporciona una punci\u00f3n m\u00e1s delicada.<\/p>","protected":false},"excerpt":{"rendered":"<p>La punci\u00f3n se realiza al presionar y disparar el dispositivo\u00a0con [&hellip;]<\/p>","protected":false},"featured_media":3539,"comment_status":"open","ping_status":"closed","template":"","meta":[],"product_cat":[49],"product_tag":[74,75,73],"yoast_head":"<!-- This site is optimized with the Yoast SEO plugin v23.4 - https:\/\/yoast.com\/wordpress\/plugins\/seo\/ -->\n<title>Pinchador dispositivo de punci\u00f3n - TipoZero Diabetes<\/title>\n<meta name=\"description\" content=\"Pinchador para medir la glucosa. Haz que tus pinchazos sean sin dolor y mucho m\u00e1s c\u00f3modos. Haz tus pruebas capilares sin miedo con este pinchador.\" \/>\n<meta name=\"robots\" content=\"index, follow, max-snippet:-1, max-image-preview:large, max-video-preview:-1\" \/>\n<link rel=\"canonical\" href=\"https:\/\/tipozerodiabetes.com\/en\/product\/pinchador-elinic\/\" \/>\n<meta property=\"og:locale\" content=\"en_US\" \/>\n<meta property=\"og:type\" content=\"article\" \/>\n<meta property=\"og:title\" content=\"Pinchador dispositivo de punci\u00f3n - TipoZero Diabetes\" \/>\n<meta property=\"og:description\" content=\"Pinchador para medir la glucosa. Haz que tus pinchazos sean sin dolor y mucho m\u00e1s c\u00f3modos. Haz tus pruebas capilares sin miedo con este pinchador.\" \/>\n<meta property=\"og:url\" content=\"https:\/\/tipozerodiabetes.com\/en\/product\/pinchador-elinic\/\" \/>\n<meta property=\"og:site_name\" content=\"TipoZero Diabetes\" \/>\n<meta property=\"article:modified_time\" content=\"2024-03-23T13:03:29+00:00\" \/>\n<meta property=\"og:image\" content=\"https:\/\/tipozerodiabetes.com\/wp-content\/uploads\/2023\/09\/presentacion-de-un-dispositivo-de-puncion-elinic-de-profundidad-ajustable-junto-a-su-caja-520x574-1.jpg\" \/>\n\t<meta property=\"og:image:width\" content=\"520\" \/>\n\t<meta property=\"og:image:height\" content=\"574\" \/>\n\t<meta property=\"og:image:type\" content=\"image\/jpeg\" \/>\n<meta name=\"twitter:card\" content=\"summary_large_image\" \/>\n<meta name=\"twitter:label1\" content=\"Est. reading time\" \/>\n\t<meta name=\"twitter:data1\" content=\"1 minute\" \/>\n<script type=\"application\/ld+json\" class=\"yoast-schema-graph\">{\"@context\":\"https:\/\/schema.org\",\"@graph\":[{\"@type\":\"WebPage\",\"@id\":\"https:\/\/tipozerodiabetes.com\/product\/pinchador-elinic\/\",\"url\":\"https:\/\/tipozerodiabetes.com\/product\/pinchador-elinic\/\",\"name\":\"Pinchador dispositivo de punci\u00f3n - TipoZero Diabetes\",\"isPartOf\":{\"@id\":\"https:\/\/tipozerodiabetes.com\/#website\"},\"primaryImageOfPage\":{\"@id\":\"https:\/\/tipozerodiabetes.com\/product\/pinchador-elinic\/#primaryimage\"},\"image\":{\"@id\":\"https:\/\/tipozerodiabetes.com\/product\/pinchador-elinic\/#primaryimage\"},\"thumbnailUrl\":\"https:\/\/tipozerodiabetes.com\/wp-content\/uploads\/2023\/09\/presentacion-de-un-dispositivo-de-puncion-elinic-de-profundidad-ajustable-junto-a-su-caja-520x574-1.jpg\",\"datePublished\":\"2023-09-14T11:33:02+00:00\",\"dateModified\":\"2024-03-23T13:03:29+00:00\",\"description\":\"Pinchador para medir la glucosa. Haz que tus pinchazos sean sin dolor y mucho m\u00e1s c\u00f3modos. Haz tus pruebas capilares sin miedo con este pinchador.\",\"breadcrumb\":{\"@id\":\"https:\/\/tipozerodiabetes.com\/product\/pinchador-elinic\/#breadcrumb\"},\"inLanguage\":\"en-US\",\"potentialAction\":[{\"@type\":\"ReadAction\",\"target\":[\"https:\/\/tipozerodiabetes.com\/product\/pinchador-elinic\/\"]}]},{\"@type\":\"ImageObject\",\"inLanguage\":\"en-US\",\"@id\":\"https:\/\/tipozerodiabetes.com\/product\/pinchador-elinic\/#primaryimage\",\"url\":\"https:\/\/tipozerodiabetes.com\/wp-content\/uploads\/2023\/09\/presentacion-de-un-dispositivo-de-puncion-elinic-de-profundidad-ajustable-junto-a-su-caja-520x574-1.jpg\",\"contentUrl\":\"https:\/\/tipozerodiabetes.com\/wp-content\/uploads\/2023\/09\/presentacion-de-un-dispositivo-de-puncion-elinic-de-profundidad-ajustable-junto-a-su-caja-520x574-1.jpg\",\"width\":520,\"height\":574},{\"@type\":\"BreadcrumbList\",\"@id\":\"https:\/\/tipozerodiabetes.com\/product\/pinchador-elinic\/#breadcrumb\",\"itemListElement\":[{\"@type\":\"ListItem\",\"position\":1,\"name\":\"Portada\",\"item\":\"https:\/\/tipozerodiabetes.com\/\"},{\"@type\":\"ListItem\",\"position\":2,\"name\":\"Tienda\",\"item\":\"https:\/\/tipozerodiabetes.com\/tienda\/\"},{\"@type\":\"ListItem\",\"position\":3,\"name\":\"Pinchador dispositivo de punci\u00f3n\"}]},{\"@type\":\"WebSite\",\"@id\":\"https:\/\/tipozerodiabetes.com\/#website\",\"url\":\"https:\/\/tipozerodiabetes.com\/\",\"name\":\"TipoZero Diabetes\",\"description\":\"Tienda online de productos para la diabetes. Mejora tu calidad vida con productos de alta calidad para la diabetes.\",\"publisher\":{\"@id\":\"https:\/\/tipozerodiabetes.com\/#organization\"},\"potentialAction\":[{\"@type\":\"SearchAction\",\"target\":{\"@type\":\"EntryPoint\",\"urlTemplate\":\"https:\/\/tipozerodiabetes.com\/?s={search_term_string}\"},\"query-input\":{\"@type\":\"PropertyValueSpecification\",\"valueRequired\":true,\"valueName\":\"search_term_string\"}}],\"inLanguage\":\"en-US\"},{\"@type\":\"Organization\",\"@id\":\"https:\/\/tipozerodiabetes.com\/#organization\",\"name\":\"TipoZero Diabetes\",\"url\":\"https:\/\/tipozerodiabetes.com\/\",\"logo\":{\"@type\":\"ImageObject\",\"inLanguage\":\"en-US\",\"@id\":\"https:\/\/tipozerodiabetes.com\/#\/schema\/logo\/image\/\",\"url\":\"https:\/\/tipozerodiabetes.com\/wp-content\/uploads\/2023\/05\/Diseno-sin-titulo-1.png\",\"contentUrl\":\"https:\/\/tipozerodiabetes.com\/wp-content\/uploads\/2023\/05\/Diseno-sin-titulo-1.png\",\"width\":300,\"height\":60,\"caption\":\"TipoZero Diabetes\"},\"image\":{\"@id\":\"https:\/\/tipozerodiabetes.com\/#\/schema\/logo\/image\/\"},\"sameAs\":[\"https:\/\/www.instagram.com\/soytipozero\",\"https:\/\/www.tiktok.com\/@tipozerodiabetes\/\",\"https:\/\/www.youtube.com\/@tipozerodiabetes\"]}]}<\/script>\n<!-- \/ Yoast SEO plugin. -->","yoast_head_json":{"title":"Pinchador dispositivo de punci\u00f3n - TipoZero Diabetes","description":"Pinchador para medir la glucosa. Haz que tus pinchazos sean sin dolor y mucho m\u00e1s c\u00f3modos. Haz tus pruebas capilares sin miedo con este pinchador.","robots":{"index":"index","follow":"follow","max-snippet":"max-snippet:-1","max-image-preview":"max-image-preview:large","max-video-preview":"max-video-preview:-1"},"canonical":"https:\/\/tipozerodiabetes.com\/en\/product\/pinchador-elinic\/","og_locale":"en_US","og_type":"article","og_title":"Pinchador dispositivo de punci\u00f3n - TipoZero Diabetes","og_description":"Pinchador para medir la glucosa. Haz que tus pinchazos sean sin dolor y mucho m\u00e1s c\u00f3modos. Haz tus pruebas capilares sin miedo con este pinchador.","og_url":"https:\/\/tipozerodiabetes.com\/en\/product\/pinchador-elinic\/","og_site_name":"TipoZero Diabetes","article_modified_time":"2024-03-23T13:03:29+00:00","og_image":[{"width":520,"height":574,"url":"https:\/\/tipozerodiabetes.com\/wp-content\/uploads\/2023\/09\/presentacion-de-un-dispositivo-de-puncion-elinic-de-profundidad-ajustable-junto-a-su-caja-520x574-1.jpg","type":"image\/jpeg"}],"twitter_card":"summary_large_image","twitter_misc":{"Est. reading time":"1 minute"},"schema":{"@context":"https:\/\/schema.org","@graph":[{"@type":"WebPage","@id":"https:\/\/tipozerodiabetes.com\/product\/pinchador-elinic\/","url":"https:\/\/tipozerodiabetes.com\/product\/pinchador-elinic\/","name":"Pinchador dispositivo de punci\u00f3n - TipoZero Diabetes","isPartOf":{"@id":"https:\/\/tipozerodiabetes.com\/#website"},"primaryImageOfPage":{"@id":"https:\/\/tipozerodiabetes.com\/product\/pinchador-elinic\/#primaryimage"},"image":{"@id":"https:\/\/tipozerodiabetes.com\/product\/pinchador-elinic\/#primaryimage"},"thumbnailUrl":"https:\/\/tipozerodiabetes.com\/wp-content\/uploads\/2023\/09\/presentacion-de-un-dispositivo-de-puncion-elinic-de-profundidad-ajustable-junto-a-su-caja-520x574-1.jpg","datePublished":"2023-09-14T11:33:02+00:00","dateModified":"2024-03-23T13:03:29+00:00","description":"Pinchador para medir la glucosa. Haz que tus pinchazos sean sin dolor y mucho m\u00e1s c\u00f3modos. Haz tus pruebas capilares sin miedo con este pinchador.","breadcrumb":{"@id":"https:\/\/tipozerodiabetes.com\/product\/pinchador-elinic\/#breadcrumb"},"inLanguage":"en-US","potentialAction":[{"@type":"ReadAction","target":["https:\/\/tipozerodiabetes.com\/product\/pinchador-elinic\/"]}]},{"@type":"ImageObject","inLanguage":"en-US","@id":"https:\/\/tipozerodiabetes.com\/product\/pinchador-elinic\/#primaryimage","url":"https:\/\/tipozerodiabetes.com\/wp-content\/uploads\/2023\/09\/presentacion-de-un-dispositivo-de-puncion-elinic-de-profundidad-ajustable-junto-a-su-caja-520x574-1.jpg","contentUrl":"https:\/\/tipozerodiabetes.com\/wp-content\/uploads\/2023\/09\/presentacion-de-un-dispositivo-de-puncion-elinic-de-profundidad-ajustable-junto-a-su-caja-520x574-1.jpg","width":520,"height":574},{"@type":"BreadcrumbList","@id":"https:\/\/tipozerodiabetes.com\/product\/pinchador-elinic\/#breadcrumb","itemListElement":[{"@type":"ListItem","position":1,"name":"Portada","item":"https:\/\/tipozerodiabetes.com\/"},{"@type":"ListItem","position":2,"name":"Tienda","item":"https:\/\/tipozerodiabetes.com\/tienda\/"},{"@type":"ListItem","position":3,"name":"Pinchador dispositivo de punci\u00f3n"}]},{"@type":"WebSite","@id":"https:\/\/tipozerodiabetes.com\/#website","url":"https:\/\/tipozerodiabetes.com\/","name":"TipoZero Diabetes","description":"Tienda online de productos para la diabetes. Mejora tu calidad vida con productos de alta calidad para la diabetes.","publisher":{"@id":"https:\/\/tipozerodiabetes.com\/#organization"},"potentialAction":[{"@type":"SearchAction","target":{"@type":"EntryPoint","urlTemplate":"https:\/\/tipozerodiabetes.com\/?s={search_term_string}"},"query-input":{"@type":"PropertyValueSpecification","valueRequired":true,"valueName":"search_term_string"}}],"inLanguage":"en-US"},{"@type":"Organization","@id":"https:\/\/tipozerodiabetes.com\/#organization","name":"TipoZero Diabetes","url":"https:\/\/tipozerodiabetes.com\/","logo":{"@type":"ImageObject","inLanguage":"en-US","@id":"https:\/\/tipozerodiabetes.com\/#\/schema\/logo\/image\/","url":"https:\/\/tipozerodiabetes.com\/wp-content\/uploads\/2023\/05\/Diseno-sin-titulo-1.png","contentUrl":"https:\/\/tipozerodiabetes.com\/wp-content\/uploads\/2023\/05\/Diseno-sin-titulo-1.png","width":300,"height":60,"caption":"TipoZero Diabetes"},"image":{"@id":"https:\/\/tipozerodiabetes.com\/#\/schema\/logo\/image\/"},"sameAs":["https:\/\/www.instagram.com\/soytipozero","https:\/\/www.tiktok.com\/@tipozerodiabetes\/","https:\/\/www.youtube.com\/@tipozerodiabetes"]}]}},"_links":{"self":[{"href":"https:\/\/tipozerodiabetes.com\/en\/wp-json\/wp\/v2\/product\/3540"}],"collection":[{"href":"https:\/\/tipozerodiabetes.com\/en\/wp-json\/wp\/v2\/product"}],"about":[{"href":"https:\/\/tipozerodiabetes.com\/en\/wp-json\/wp\/v2\/types\/product"}],"replies":[{"embeddable":true,"href":"https:\/\/tipozerodiabetes.com\/en\/wp-json\/wp\/v2\/comments?post=3540"}],"wp:featuredmedia":[{"embeddable":true,"href":"https:\/\/tipozerodiabetes.com\/en\/wp-json\/wp\/v2\/media\/3539"}],"wp:attachment":[{"href":"https:\/\/tipozerodiabetes.com\/en\/wp-json\/wp\/v2\/media?parent=3540"}],"wp:term":[{"taxonomy":"product_cat","embeddable":true,"href":"https:\/\/tipozerodiabetes.com\/en\/wp-json\/wp\/v2\/product_cat?post=3540"},{"taxonomy":"product_tag","embeddable":true,"href":"https:\/\/tipozerodiabetes.com\/en\/wp-json\/wp\/v2\/product_tag?post=3540"}],"curies":[{"name":"wp","href":"https:\/\/api.w.org\/{rel}","templated":true}]}}