{"id":3435,"date":"2023-07-22T13:04:34","date_gmt":"2023-07-22T11:04:34","guid":{"rendered":"\/?post_type=product&#038;p=3435"},"modified":"2023-11-30T15:57:26","modified_gmt":"2023-11-30T14:57:26","slug":"brazalete-protector-negro","status":"publish","type":"product","link":"https:\/\/tipozerodiabetes.com\/en\/product\/brazalete-protector-negro\/","title":{"rendered":"Brazalete protector Negro"},"content":{"rendered":"<p>Los brazaletes se fabrican individualmente de acuerdo con el tama\u00f1o de su brazo y, por lo tanto, ofrecen el ajuste ideal.<br \/>\n<strong>Y lo mejor de nuestros brazaletes<\/strong> : contienen <strong>dos correas de silicona<\/strong>\u00a0para brindar a\u00fan m\u00e1s soporte en la parte superior del brazo.\u00a0Esto significa que el cintur\u00f3n no puede deslizarse ni hacia arriba ni hacia abajo.<br \/>\n\u00a1Con las pulseras convencionales, en su mayor\u00eda no se usa o solo se usa 1 banda de silicona!<\/p>\n<p><strong>Ideal para todas las situaciones.<\/strong><\/p>\n<p>El brazalete\u00a0se puede usar en la piscina, cuando hace calor, cuando se juega con los ni\u00f1os o cuando se practica deporte.<br \/>\nEl brazalete no es voluminoso y es ideal para usar debajo de la ropa.\u00a0Debido al material blando, el brazalete se siente agradablemente ligero.<\/p>\n<p><strong>Dimensiones<\/strong><\/p>\n<p>El lazo universal para el brazo tiene 10 cm de altura y est\u00e1 disponible en todas las circunferencias de la parte superior del brazo.\u00a0Si su talla no est\u00e1 disponible, simplemente env\u00edenos un correo electr\u00f3nico.<\/p>\n<p><strong>Hecho a mano\u00a0<\/strong><\/p>\n<ul>\n<li>Todos los bucles de brazo est\u00e1n hechos a mano.<\/li>\n<li>Est\u00e1ndares de alta calidad<\/li>\n<\/ul>","protected":false},"excerpt":{"rendered":"<p>Los brazaletes se fabrican individualmente de acuerdo con el tama\u00f1o [&hellip;]<\/p>","protected":false},"featured_media":3375,"comment_status":"open","ping_status":"closed","template":"","meta":[],"product_cat":[98,63],"product_tag":[],"yoast_head":"<!-- This site is optimized with the Yoast SEO plugin v23.4 - https:\/\/yoast.com\/wordpress\/plugins\/seo\/ -->\n<title>Brazalete protector Negro - TipoZero Diabetes<\/title>\n<meta name=\"robots\" content=\"index, follow, max-snippet:-1, max-image-preview:large, max-video-preview:-1\" \/>\n<link rel=\"canonical\" href=\"https:\/\/tipozerodiabetes.com\/en\/product\/brazalete-protector-negro\/\" \/>\n<meta property=\"og:locale\" content=\"en_US\" \/>\n<meta property=\"og:type\" content=\"article\" \/>\n<meta property=\"og:title\" content=\"Brazalete protector Negro - TipoZero Diabetes\" \/>\n<meta property=\"og:description\" content=\"Los brazaletes se fabrican individualmente de acuerdo con el tama\u00f1o [&hellip;]\" \/>\n<meta property=\"og:url\" content=\"https:\/\/tipozerodiabetes.com\/en\/product\/brazalete-protector-negro\/\" \/>\n<meta property=\"og:site_name\" content=\"TipoZero Diabetes\" \/>\n<meta property=\"article:modified_time\" content=\"2023-11-30T14:57:26+00:00\" \/>\n<meta property=\"og:image\" content=\"https:\/\/tipozerodiabetes.com\/wp-content\/uploads\/2023\/07\/Armloop-Schwarz-2.jpg\" \/>\n\t<meta property=\"og:image:width\" content=\"600\" \/>\n\t<meta property=\"og:image:height\" content=\"600\" \/>\n\t<meta property=\"og:image:type\" content=\"image\/jpeg\" \/>\n<meta name=\"twitter:card\" content=\"summary_large_image\" \/>\n<meta name=\"twitter:label1\" content=\"Est. reading time\" \/>\n\t<meta name=\"twitter:data1\" content=\"1 minute\" \/>\n<script type=\"application\/ld+json\" class=\"yoast-schema-graph\">{\"@context\":\"https:\/\/schema.org\",\"@graph\":[{\"@type\":\"WebPage\",\"@id\":\"https:\/\/tipozerodiabetes.com\/product\/brazalete-protector-negro\/\",\"url\":\"https:\/\/tipozerodiabetes.com\/product\/brazalete-protector-negro\/\",\"name\":\"Brazalete protector Negro - TipoZero Diabetes\",\"isPartOf\":{\"@id\":\"https:\/\/tipozerodiabetes.com\/#website\"},\"primaryImageOfPage\":{\"@id\":\"https:\/\/tipozerodiabetes.com\/product\/brazalete-protector-negro\/#primaryimage\"},\"image\":{\"@id\":\"https:\/\/tipozerodiabetes.com\/product\/brazalete-protector-negro\/#primaryimage\"},\"thumbnailUrl\":\"https:\/\/tipozerodiabetes.com\/wp-content\/uploads\/2023\/07\/Armloop-Schwarz-2.jpg\",\"datePublished\":\"2023-07-22T11:04:34+00:00\",\"dateModified\":\"2023-11-30T14:57:26+00:00\",\"breadcrumb\":{\"@id\":\"https:\/\/tipozerodiabetes.com\/product\/brazalete-protector-negro\/#breadcrumb\"},\"inLanguage\":\"en-US\",\"potentialAction\":[{\"@type\":\"ReadAction\",\"target\":[\"https:\/\/tipozerodiabetes.com\/product\/brazalete-protector-negro\/\"]}]},{\"@type\":\"ImageObject\",\"inLanguage\":\"en-US\",\"@id\":\"https:\/\/tipozerodiabetes.com\/product\/brazalete-protector-negro\/#primaryimage\",\"url\":\"https:\/\/tipozerodiabetes.com\/wp-content\/uploads\/2023\/07\/Armloop-Schwarz-2.jpg\",\"contentUrl\":\"https:\/\/tipozerodiabetes.com\/wp-content\/uploads\/2023\/07\/Armloop-Schwarz-2.jpg\",\"width\":600,\"height\":600},{\"@type\":\"BreadcrumbList\",\"@id\":\"https:\/\/tipozerodiabetes.com\/product\/brazalete-protector-negro\/#breadcrumb\",\"itemListElement\":[{\"@type\":\"ListItem\",\"position\":1,\"name\":\"Portada\",\"item\":\"https:\/\/tipozerodiabetes.com\/\"},{\"@type\":\"ListItem\",\"position\":2,\"name\":\"Tienda\",\"item\":\"https:\/\/tipozerodiabetes.com\/tienda\/\"},{\"@type\":\"ListItem\",\"position\":3,\"name\":\"Brazalete protector Negro\"}]},{\"@type\":\"WebSite\",\"@id\":\"https:\/\/tipozerodiabetes.com\/#website\",\"url\":\"https:\/\/tipozerodiabetes.com\/\",\"name\":\"TipoZero Diabetes\",\"description\":\"Tienda online de productos para la diabetes. Mejora tu calidad vida con productos de alta calidad para la diabetes.\",\"publisher\":{\"@id\":\"https:\/\/tipozerodiabetes.com\/#organization\"},\"potentialAction\":[{\"@type\":\"SearchAction\",\"target\":{\"@type\":\"EntryPoint\",\"urlTemplate\":\"https:\/\/tipozerodiabetes.com\/?s={search_term_string}\"},\"query-input\":{\"@type\":\"PropertyValueSpecification\",\"valueRequired\":true,\"valueName\":\"search_term_string\"}}],\"inLanguage\":\"en-US\"},{\"@type\":\"Organization\",\"@id\":\"https:\/\/tipozerodiabetes.com\/#organization\",\"name\":\"TipoZero Diabetes\",\"url\":\"https:\/\/tipozerodiabetes.com\/\",\"logo\":{\"@type\":\"ImageObject\",\"inLanguage\":\"en-US\",\"@id\":\"https:\/\/tipozerodiabetes.com\/#\/schema\/logo\/image\/\",\"url\":\"https:\/\/tipozerodiabetes.com\/wp-content\/uploads\/2023\/05\/Diseno-sin-titulo-1.png\",\"contentUrl\":\"https:\/\/tipozerodiabetes.com\/wp-content\/uploads\/2023\/05\/Diseno-sin-titulo-1.png\",\"width\":300,\"height\":60,\"caption\":\"TipoZero Diabetes\"},\"image\":{\"@id\":\"https:\/\/tipozerodiabetes.com\/#\/schema\/logo\/image\/\"},\"sameAs\":[\"https:\/\/www.instagram.com\/soytipozero\",\"https:\/\/www.tiktok.com\/@tipozerodiabetes\/\",\"https:\/\/www.youtube.com\/@tipozerodiabetes\"]}]}<\/script>\n<!-- \/ Yoast SEO plugin. -->","yoast_head_json":{"title":"Brazalete protector Negro - TipoZero Diabetes","robots":{"index":"index","follow":"follow","max-snippet":"max-snippet:-1","max-image-preview":"max-image-preview:large","max-video-preview":"max-video-preview:-1"},"canonical":"https:\/\/tipozerodiabetes.com\/en\/product\/brazalete-protector-negro\/","og_locale":"en_US","og_type":"article","og_title":"Brazalete protector Negro - TipoZero Diabetes","og_description":"Los brazaletes se fabrican individualmente de acuerdo con el tama\u00f1o [&hellip;]","og_url":"https:\/\/tipozerodiabetes.com\/en\/product\/brazalete-protector-negro\/","og_site_name":"TipoZero Diabetes","article_modified_time":"2023-11-30T14:57:26+00:00","og_image":[{"width":600,"height":600,"url":"https:\/\/tipozerodiabetes.com\/wp-content\/uploads\/2023\/07\/Armloop-Schwarz-2.jpg","type":"image\/jpeg"}],"twitter_card":"summary_large_image","twitter_misc":{"Est. reading time":"1 minute"},"schema":{"@context":"https:\/\/schema.org","@graph":[{"@type":"WebPage","@id":"https:\/\/tipozerodiabetes.com\/product\/brazalete-protector-negro\/","url":"https:\/\/tipozerodiabetes.com\/product\/brazalete-protector-negro\/","name":"Brazalete protector Negro - TipoZero Diabetes","isPartOf":{"@id":"https:\/\/tipozerodiabetes.com\/#website"},"primaryImageOfPage":{"@id":"https:\/\/tipozerodiabetes.com\/product\/brazalete-protector-negro\/#primaryimage"},"image":{"@id":"https:\/\/tipozerodiabetes.com\/product\/brazalete-protector-negro\/#primaryimage"},"thumbnailUrl":"https:\/\/tipozerodiabetes.com\/wp-content\/uploads\/2023\/07\/Armloop-Schwarz-2.jpg","datePublished":"2023-07-22T11:04:34+00:00","dateModified":"2023-11-30T14:57:26+00:00","breadcrumb":{"@id":"https:\/\/tipozerodiabetes.com\/product\/brazalete-protector-negro\/#breadcrumb"},"inLanguage":"en-US","potentialAction":[{"@type":"ReadAction","target":["https:\/\/tipozerodiabetes.com\/product\/brazalete-protector-negro\/"]}]},{"@type":"ImageObject","inLanguage":"en-US","@id":"https:\/\/tipozerodiabetes.com\/product\/brazalete-protector-negro\/#primaryimage","url":"https:\/\/tipozerodiabetes.com\/wp-content\/uploads\/2023\/07\/Armloop-Schwarz-2.jpg","contentUrl":"https:\/\/tipozerodiabetes.com\/wp-content\/uploads\/2023\/07\/Armloop-Schwarz-2.jpg","width":600,"height":600},{"@type":"BreadcrumbList","@id":"https:\/\/tipozerodiabetes.com\/product\/brazalete-protector-negro\/#breadcrumb","itemListElement":[{"@type":"ListItem","position":1,"name":"Portada","item":"https:\/\/tipozerodiabetes.com\/"},{"@type":"ListItem","position":2,"name":"Tienda","item":"https:\/\/tipozerodiabetes.com\/tienda\/"},{"@type":"ListItem","position":3,"name":"Brazalete protector Negro"}]},{"@type":"WebSite","@id":"https:\/\/tipozerodiabetes.com\/#website","url":"https:\/\/tipozerodiabetes.com\/","name":"TipoZero Diabetes","description":"Tienda online de productos para la diabetes. Mejora tu calidad vida con productos de alta calidad para la diabetes.","publisher":{"@id":"https:\/\/tipozerodiabetes.com\/#organization"},"potentialAction":[{"@type":"SearchAction","target":{"@type":"EntryPoint","urlTemplate":"https:\/\/tipozerodiabetes.com\/?s={search_term_string}"},"query-input":{"@type":"PropertyValueSpecification","valueRequired":true,"valueName":"search_term_string"}}],"inLanguage":"en-US"},{"@type":"Organization","@id":"https:\/\/tipozerodiabetes.com\/#organization","name":"TipoZero Diabetes","url":"https:\/\/tipozerodiabetes.com\/","logo":{"@type":"ImageObject","inLanguage":"en-US","@id":"https:\/\/tipozerodiabetes.com\/#\/schema\/logo\/image\/","url":"https:\/\/tipozerodiabetes.com\/wp-content\/uploads\/2023\/05\/Diseno-sin-titulo-1.png","contentUrl":"https:\/\/tipozerodiabetes.com\/wp-content\/uploads\/2023\/05\/Diseno-sin-titulo-1.png","width":300,"height":60,"caption":"TipoZero Diabetes"},"image":{"@id":"https:\/\/tipozerodiabetes.com\/#\/schema\/logo\/image\/"},"sameAs":["https:\/\/www.instagram.com\/soytipozero","https:\/\/www.tiktok.com\/@tipozerodiabetes\/","https:\/\/www.youtube.com\/@tipozerodiabetes"]}]}},"_links":{"self":[{"href":"https:\/\/tipozerodiabetes.com\/en\/wp-json\/wp\/v2\/product\/3435"}],"collection":[{"href":"https:\/\/tipozerodiabetes.com\/en\/wp-json\/wp\/v2\/product"}],"about":[{"href":"https:\/\/tipozerodiabetes.com\/en\/wp-json\/wp\/v2\/types\/product"}],"replies":[{"embeddable":true,"href":"https:\/\/tipozerodiabetes.com\/en\/wp-json\/wp\/v2\/comments?post=3435"}],"wp:featuredmedia":[{"embeddable":true,"href":"https:\/\/tipozerodiabetes.com\/en\/wp-json\/wp\/v2\/media\/3375"}],"wp:attachment":[{"href":"https:\/\/tipozerodiabetes.com\/en\/wp-json\/wp\/v2\/media?parent=3435"}],"wp:term":[{"taxonomy":"product_cat","embeddable":true,"href":"https:\/\/tipozerodiabetes.com\/en\/wp-json\/wp\/v2\/product_cat?post=3435"},{"taxonomy":"product_tag","embeddable":true,"href":"https:\/\/tipozerodiabetes.com\/en\/wp-json\/wp\/v2\/product_tag?post=3435"}],"curies":[{"name":"wp","href":"https:\/\/api.w.org\/{rel}","templated":true}]}}