{"id":3400,"date":"2023-07-22T12:08:13","date_gmt":"2023-07-22T10:08:13","guid":{"rendered":"\/?post_type=product&#038;p=3400"},"modified":"2025-07-11T12:30:18","modified_gmt":"2025-07-11T10:30:18","slug":"brazalete-protector-freestyle-libre-2-rosa","status":"publish","type":"product","link":"https:\/\/tipozerodiabetes.com\/en\/product\/brazalete-protector-freestyle-libre-2-rosa\/","title":{"rendered":"Brazalete protector Freestyle Libre 2 Rosa"},"content":{"rendered":"<ul>\n<li>\n<h3><span style=\"color: #000080;\"><em><strong>V\u00e1lido para Freestyle Libre 2<\/strong><\/em><\/span><\/h3>\n<\/li>\n<li>\n<h3><span style=\"color: #000080;\"><em><strong>Protecci\u00f3n contra ca\u00eddas de sensor<\/strong><\/em><\/span><\/h3>\n<\/li>\n<li>\n<h3><span style=\"color: #000080;\"><em><strong>Tres tallas diferentes<\/strong><\/em><\/span><\/h3>\n<\/li>\n<li>\n<h3><span style=\"color: #000080;\"><em><strong>Tama\u00f1o ajustable a cada brazo<\/strong><\/em><\/span><\/h3>\n<\/li>\n<li>\n<h3><span style=\"color: #000080;\"><em><strong>Se puede mojar<\/strong><\/em><\/span><\/h3>\n<\/li>\n<\/ul>\n<p>&nbsp;<\/p>\n<p>&nbsp;<\/p>\n<h4>Brazalete protector para sensor Freestylelibre 2<\/h4>\n<p>La fijaci\u00f3n para Freestyle Libre 2 est\u00e1 hecha de <strong>pl\u00e1stico flexible<\/strong> y agradable para la piel\u00a0.\u00a0Envuelve el sensor y lo <strong>protege<\/strong>, evitando que se despegue por golpes, enganchones, sudor etc. El sensor se fija al brazo con una ligera presi\u00f3n de contacto. La correa de fijaci\u00f3n es perfecta para hacer deporte y para el d\u00eda a d\u00eda evitando que el sensor se despegue.<\/p>\n<p>Nuestras correas de fijaci\u00f3n son adecuadas para circunferencias de brazo <strong>de 15 cm<\/strong><strong> a 45 cm en tres tallas diferentes<\/strong> y, por lo tanto, tambi\u00e9n pueden <strong>ser usadas por ni\u00f1os<\/strong>\u00a0.\u00a0Todas las correas tienen una hebilla para\u00a0<strong>ajustar el tama\u00f1o<\/strong>\u00a0y, por lo tanto, se pueden ajustar a la circunferencia, independientemente de si es m\u00e1s grande o m\u00e1s peque\u00f1a.<\/p>\n<p>La correa de fijaci\u00f3n Freestyle Libre 2 se puede\u00a0usar\u00a0<strong>en la ducha<\/strong>\u00a0o en el ba\u00f1o\u00a0<strong>, as\u00ed como en la piscina .\u00a0<\/strong>El sensor se fija de forma segura a la piel.\u00a0Por lo tanto, los sensores perdidos en la piscina son cosa del pasado.\u00a0La cinta de fijaci\u00f3n\u00a0<strong>se seca muy r\u00e1pidamente al aire.<\/strong><\/p>\n<p>&nbsp;<\/p>\n<p><strong>Nota:<br \/>\n<\/strong>La correa de fijaci\u00f3n <strong>no debe usarse durante la noche<\/strong>.\u00a0La fricci\u00f3n puede aflojar el sensor.\u00a0Las correas demasiado apretadas pueden generar puntos de presi\u00f3n.<br \/>\nAjuste el tama\u00f1o de circunferencia apropiado antes de ponerse la banda.\u00a0Si la banda es demasiado grande\/peque\u00f1a, qu\u00edtela y solo luego ajuste la circunferencia.<\/p>","protected":false},"excerpt":{"rendered":"<p>V\u00e1lido para Freestyle Libre 2 Protecci\u00f3n contra ca\u00eddas de sensor [&hellip;]<\/p>","protected":false},"featured_media":3353,"comment_status":"open","ping_status":"closed","template":"","meta":[],"product_cat":[63,91],"product_tag":[],"yoast_head":"<!-- This site is optimized with the Yoast SEO plugin v23.4 - https:\/\/yoast.com\/wordpress\/plugins\/seo\/ -->\n<title>Brazalete protector Freestyle Libre 2 Rosa - TipoZero Diabetes<\/title>\n<meta name=\"description\" content=\"Brazalete protector para sensor Freestyle Libre 2. Protege tu sensor para que no se despegue ni se caiga. Ideal para nataci\u00f3n y hacer deporte.\" \/>\n<meta name=\"robots\" content=\"index, follow, max-snippet:-1, max-image-preview:large, max-video-preview:-1\" \/>\n<link rel=\"canonical\" href=\"https:\/\/tipozerodiabetes.com\/en\/product\/brazalete-protector-freestyle-libre-2-rosa\/\" \/>\n<meta property=\"og:locale\" content=\"en_US\" \/>\n<meta property=\"og:type\" content=\"article\" \/>\n<meta property=\"og:title\" content=\"Brazalete protector Freestyle Libre 2 Rosa - TipoZero Diabetes\" \/>\n<meta property=\"og:description\" content=\"Brazalete protector para sensor Freestyle Libre 2. Protege tu sensor para que no se despegue ni se caiga. Ideal para nataci\u00f3n y hacer deporte.\" \/>\n<meta property=\"og:url\" content=\"https:\/\/tipozerodiabetes.com\/en\/product\/brazalete-protector-freestyle-libre-2-rosa\/\" \/>\n<meta property=\"og:site_name\" content=\"TipoZero Diabetes\" \/>\n<meta property=\"article:modified_time\" content=\"2025-07-11T10:30:18+00:00\" \/>\n<meta property=\"og:image\" content=\"https:\/\/tipozerodiabetes.com\/wp-content\/uploads\/2023\/07\/Pink-Ring-Schwarz.jpg\" \/>\n\t<meta property=\"og:image:width\" content=\"573\" \/>\n\t<meta property=\"og:image:height\" content=\"594\" \/>\n\t<meta property=\"og:image:type\" content=\"image\/jpeg\" \/>\n<meta name=\"twitter:card\" content=\"summary_large_image\" \/>\n<meta name=\"twitter:label1\" content=\"Est. reading time\" \/>\n\t<meta name=\"twitter:data1\" content=\"2 minutes\" \/>\n<script type=\"application\/ld+json\" class=\"yoast-schema-graph\">{\"@context\":\"https:\/\/schema.org\",\"@graph\":[{\"@type\":\"WebPage\",\"@id\":\"https:\/\/tipozerodiabetes.com\/product\/brazalete-protector-freestyle-libre-2-rosa\/\",\"url\":\"https:\/\/tipozerodiabetes.com\/product\/brazalete-protector-freestyle-libre-2-rosa\/\",\"name\":\"Brazalete protector Freestyle Libre 2 Rosa - TipoZero Diabetes\",\"isPartOf\":{\"@id\":\"https:\/\/tipozerodiabetes.com\/#website\"},\"primaryImageOfPage\":{\"@id\":\"https:\/\/tipozerodiabetes.com\/product\/brazalete-protector-freestyle-libre-2-rosa\/#primaryimage\"},\"image\":{\"@id\":\"https:\/\/tipozerodiabetes.com\/product\/brazalete-protector-freestyle-libre-2-rosa\/#primaryimage\"},\"thumbnailUrl\":\"https:\/\/tipozerodiabetes.com\/wp-content\/uploads\/2023\/07\/Pink-Ring-Schwarz.jpg\",\"datePublished\":\"2023-07-22T10:08:13+00:00\",\"dateModified\":\"2025-07-11T10:30:18+00:00\",\"description\":\"Brazalete protector para sensor Freestyle Libre 2. Protege tu sensor para que no se despegue ni se caiga. Ideal para nataci\u00f3n y hacer deporte.\",\"breadcrumb\":{\"@id\":\"https:\/\/tipozerodiabetes.com\/product\/brazalete-protector-freestyle-libre-2-rosa\/#breadcrumb\"},\"inLanguage\":\"en-US\",\"potentialAction\":[{\"@type\":\"ReadAction\",\"target\":[\"https:\/\/tipozerodiabetes.com\/product\/brazalete-protector-freestyle-libre-2-rosa\/\"]}]},{\"@type\":\"ImageObject\",\"inLanguage\":\"en-US\",\"@id\":\"https:\/\/tipozerodiabetes.com\/product\/brazalete-protector-freestyle-libre-2-rosa\/#primaryimage\",\"url\":\"https:\/\/tipozerodiabetes.com\/wp-content\/uploads\/2023\/07\/Pink-Ring-Schwarz.jpg\",\"contentUrl\":\"https:\/\/tipozerodiabetes.com\/wp-content\/uploads\/2023\/07\/Pink-Ring-Schwarz.jpg\",\"width\":573,\"height\":594},{\"@type\":\"BreadcrumbList\",\"@id\":\"https:\/\/tipozerodiabetes.com\/product\/brazalete-protector-freestyle-libre-2-rosa\/#breadcrumb\",\"itemListElement\":[{\"@type\":\"ListItem\",\"position\":1,\"name\":\"Portada\",\"item\":\"https:\/\/tipozerodiabetes.com\/\"},{\"@type\":\"ListItem\",\"position\":2,\"name\":\"Tienda\",\"item\":\"https:\/\/tipozerodiabetes.com\/tienda\/\"},{\"@type\":\"ListItem\",\"position\":3,\"name\":\"Brazalete protector Freestyle Libre 2 Rosa\"}]},{\"@type\":\"WebSite\",\"@id\":\"https:\/\/tipozerodiabetes.com\/#website\",\"url\":\"https:\/\/tipozerodiabetes.com\/\",\"name\":\"TipoZero Diabetes\",\"description\":\"Tienda online de productos para la diabetes. Mejora tu calidad vida con productos de alta calidad para la diabetes.\",\"publisher\":{\"@id\":\"https:\/\/tipozerodiabetes.com\/#organization\"},\"potentialAction\":[{\"@type\":\"SearchAction\",\"target\":{\"@type\":\"EntryPoint\",\"urlTemplate\":\"https:\/\/tipozerodiabetes.com\/?s={search_term_string}\"},\"query-input\":{\"@type\":\"PropertyValueSpecification\",\"valueRequired\":true,\"valueName\":\"search_term_string\"}}],\"inLanguage\":\"en-US\"},{\"@type\":\"Organization\",\"@id\":\"https:\/\/tipozerodiabetes.com\/#organization\",\"name\":\"TipoZero Diabetes\",\"url\":\"https:\/\/tipozerodiabetes.com\/\",\"logo\":{\"@type\":\"ImageObject\",\"inLanguage\":\"en-US\",\"@id\":\"https:\/\/tipozerodiabetes.com\/#\/schema\/logo\/image\/\",\"url\":\"https:\/\/tipozerodiabetes.com\/wp-content\/uploads\/2023\/05\/Diseno-sin-titulo-1.png\",\"contentUrl\":\"https:\/\/tipozerodiabetes.com\/wp-content\/uploads\/2023\/05\/Diseno-sin-titulo-1.png\",\"width\":300,\"height\":60,\"caption\":\"TipoZero Diabetes\"},\"image\":{\"@id\":\"https:\/\/tipozerodiabetes.com\/#\/schema\/logo\/image\/\"},\"sameAs\":[\"https:\/\/www.instagram.com\/soytipozero\",\"https:\/\/www.tiktok.com\/@tipozerodiabetes\/\",\"https:\/\/www.youtube.com\/@tipozerodiabetes\"]}]}<\/script>\n<!-- \/ Yoast SEO plugin. -->","yoast_head_json":{"title":"Brazalete protector Freestyle Libre 2 Rosa - TipoZero Diabetes","description":"Brazalete protector para sensor Freestyle Libre 2. Protege tu sensor para que no se despegue ni se caiga. Ideal para nataci\u00f3n y hacer deporte.","robots":{"index":"index","follow":"follow","max-snippet":"max-snippet:-1","max-image-preview":"max-image-preview:large","max-video-preview":"max-video-preview:-1"},"canonical":"https:\/\/tipozerodiabetes.com\/en\/product\/brazalete-protector-freestyle-libre-2-rosa\/","og_locale":"en_US","og_type":"article","og_title":"Brazalete protector Freestyle Libre 2 Rosa - TipoZero Diabetes","og_description":"Brazalete protector para sensor Freestyle Libre 2. Protege tu sensor para que no se despegue ni se caiga. Ideal para nataci\u00f3n y hacer deporte.","og_url":"https:\/\/tipozerodiabetes.com\/en\/product\/brazalete-protector-freestyle-libre-2-rosa\/","og_site_name":"TipoZero Diabetes","article_modified_time":"2025-07-11T10:30:18+00:00","og_image":[{"width":573,"height":594,"url":"https:\/\/tipozerodiabetes.com\/wp-content\/uploads\/2023\/07\/Pink-Ring-Schwarz.jpg","type":"image\/jpeg"}],"twitter_card":"summary_large_image","twitter_misc":{"Est. reading time":"2 minutes"},"schema":{"@context":"https:\/\/schema.org","@graph":[{"@type":"WebPage","@id":"https:\/\/tipozerodiabetes.com\/product\/brazalete-protector-freestyle-libre-2-rosa\/","url":"https:\/\/tipozerodiabetes.com\/product\/brazalete-protector-freestyle-libre-2-rosa\/","name":"Brazalete protector Freestyle Libre 2 Rosa - TipoZero Diabetes","isPartOf":{"@id":"https:\/\/tipozerodiabetes.com\/#website"},"primaryImageOfPage":{"@id":"https:\/\/tipozerodiabetes.com\/product\/brazalete-protector-freestyle-libre-2-rosa\/#primaryimage"},"image":{"@id":"https:\/\/tipozerodiabetes.com\/product\/brazalete-protector-freestyle-libre-2-rosa\/#primaryimage"},"thumbnailUrl":"https:\/\/tipozerodiabetes.com\/wp-content\/uploads\/2023\/07\/Pink-Ring-Schwarz.jpg","datePublished":"2023-07-22T10:08:13+00:00","dateModified":"2025-07-11T10:30:18+00:00","description":"Brazalete protector para sensor Freestyle Libre 2. Protege tu sensor para que no se despegue ni se caiga. Ideal para nataci\u00f3n y hacer deporte.","breadcrumb":{"@id":"https:\/\/tipozerodiabetes.com\/product\/brazalete-protector-freestyle-libre-2-rosa\/#breadcrumb"},"inLanguage":"en-US","potentialAction":[{"@type":"ReadAction","target":["https:\/\/tipozerodiabetes.com\/product\/brazalete-protector-freestyle-libre-2-rosa\/"]}]},{"@type":"ImageObject","inLanguage":"en-US","@id":"https:\/\/tipozerodiabetes.com\/product\/brazalete-protector-freestyle-libre-2-rosa\/#primaryimage","url":"https:\/\/tipozerodiabetes.com\/wp-content\/uploads\/2023\/07\/Pink-Ring-Schwarz.jpg","contentUrl":"https:\/\/tipozerodiabetes.com\/wp-content\/uploads\/2023\/07\/Pink-Ring-Schwarz.jpg","width":573,"height":594},{"@type":"BreadcrumbList","@id":"https:\/\/tipozerodiabetes.com\/product\/brazalete-protector-freestyle-libre-2-rosa\/#breadcrumb","itemListElement":[{"@type":"ListItem","position":1,"name":"Portada","item":"https:\/\/tipozerodiabetes.com\/"},{"@type":"ListItem","position":2,"name":"Tienda","item":"https:\/\/tipozerodiabetes.com\/tienda\/"},{"@type":"ListItem","position":3,"name":"Brazalete protector Freestyle Libre 2 Rosa"}]},{"@type":"WebSite","@id":"https:\/\/tipozerodiabetes.com\/#website","url":"https:\/\/tipozerodiabetes.com\/","name":"TipoZero Diabetes","description":"Tienda online de productos para la diabetes. Mejora tu calidad vida con productos de alta calidad para la diabetes.","publisher":{"@id":"https:\/\/tipozerodiabetes.com\/#organization"},"potentialAction":[{"@type":"SearchAction","target":{"@type":"EntryPoint","urlTemplate":"https:\/\/tipozerodiabetes.com\/?s={search_term_string}"},"query-input":{"@type":"PropertyValueSpecification","valueRequired":true,"valueName":"search_term_string"}}],"inLanguage":"en-US"},{"@type":"Organization","@id":"https:\/\/tipozerodiabetes.com\/#organization","name":"TipoZero Diabetes","url":"https:\/\/tipozerodiabetes.com\/","logo":{"@type":"ImageObject","inLanguage":"en-US","@id":"https:\/\/tipozerodiabetes.com\/#\/schema\/logo\/image\/","url":"https:\/\/tipozerodiabetes.com\/wp-content\/uploads\/2023\/05\/Diseno-sin-titulo-1.png","contentUrl":"https:\/\/tipozerodiabetes.com\/wp-content\/uploads\/2023\/05\/Diseno-sin-titulo-1.png","width":300,"height":60,"caption":"TipoZero Diabetes"},"image":{"@id":"https:\/\/tipozerodiabetes.com\/#\/schema\/logo\/image\/"},"sameAs":["https:\/\/www.instagram.com\/soytipozero","https:\/\/www.tiktok.com\/@tipozerodiabetes\/","https:\/\/www.youtube.com\/@tipozerodiabetes"]}]}},"_links":{"self":[{"href":"https:\/\/tipozerodiabetes.com\/en\/wp-json\/wp\/v2\/product\/3400"}],"collection":[{"href":"https:\/\/tipozerodiabetes.com\/en\/wp-json\/wp\/v2\/product"}],"about":[{"href":"https:\/\/tipozerodiabetes.com\/en\/wp-json\/wp\/v2\/types\/product"}],"replies":[{"embeddable":true,"href":"https:\/\/tipozerodiabetes.com\/en\/wp-json\/wp\/v2\/comments?post=3400"}],"wp:featuredmedia":[{"embeddable":true,"href":"https:\/\/tipozerodiabetes.com\/en\/wp-json\/wp\/v2\/media\/3353"}],"wp:attachment":[{"href":"https:\/\/tipozerodiabetes.com\/en\/wp-json\/wp\/v2\/media?parent=3400"}],"wp:term":[{"taxonomy":"product_cat","embeddable":true,"href":"https:\/\/tipozerodiabetes.com\/en\/wp-json\/wp\/v2\/product_cat?post=3400"},{"taxonomy":"product_tag","embeddable":true,"href":"https:\/\/tipozerodiabetes.com\/en\/wp-json\/wp\/v2\/product_tag?post=3400"}],"curies":[{"name":"wp","href":"https:\/\/api.w.org\/{rel}","templated":true}]}}