{"id":2758,"date":"2023-06-03T19:40:09","date_gmt":"2023-06-03T17:40:09","guid":{"rendered":"\/?post_type=product&#038;p=2758"},"modified":"2026-04-28T21:04:38","modified_gmt":"2026-04-28T19:04:38","slug":"tickleflex-facilita-la-inyeccion-de-insulina","status":"publish","type":"product","link":"https:\/\/tipozerodiabetes.com\/en\/product\/tickleflex-facilita-la-inyeccion-de-insulina\/","title":{"rendered":"Tickleflex &#8211; Facilita la inyecci\u00f3n de insulina"},"content":{"rendered":"<h3><img decoding=\"async\" class=\"lazyload alignnone wp-image-2097\" src=\"\/wp-content\/uploads\/2023\/05\/tickleflex-ayuda-en-la-inyeccion-de-insulina-2.jpg\" data-orig-src=\"\/wp-content\/uploads\/2023\/05\/tickleflex-ayuda-en-la-inyeccion-de-insulina-2.jpg\" alt=\"\" width=\"116\" height=\"116\" srcset=\"data:image\/svg+xml,%3Csvg%20xmlns%3D%27http%3A%2F%2Fwww.w3.org%2F2000%2Fsvg%27%20width%3D%27116%27%20height%3D%27116%27%20viewBox%3D%270%200%20116%20116%27%3E%3Crect%20width%3D%27116%27%20height%3D%27116%27%20fill-opacity%3D%220%22%2F%3E%3C%2Fsvg%3E\" data-srcset=\"https:\/\/tipozerodiabetes.com\/wp-content\/uploads\/2023\/05\/tickleflex-ayuda-en-la-inyeccion-de-insulina-2-66x66.jpg 66w, https:\/\/tipozerodiabetes.com\/wp-content\/uploads\/2023\/05\/tickleflex-ayuda-en-la-inyeccion-de-insulina-2.jpg 80w\" data-sizes=\"auto\" data-orig-sizes=\"(max-width: 116px) 100vw, 116px\" \/><\/h3>\n<h3>DESCRIPCI\u00d3N DEL PRODUCTO<\/h3>\n<p><strong>Tickleflex<\/strong> es una ayuda de inyecci\u00f3n de insulina de ajuste universal que hace que la inyecci\u00f3n sea un proceso m\u00e1s seguro, m\u00e1s c\u00f3modo, m\u00e1s consistente y sin preocupaciones.<\/p>\n<p>Le permite identificar el lugar de la inyecci\u00f3n al evitar que la aguja se deslice y, por lo tanto, minimiza el riesgo de lesiones por pinchazos.<\/p>\n<p>Alivia el dolor de la inyecci\u00f3n apretando suavemente el tejido subd\u00e9rmico con sus exclusivos tent\u00e1culos de silicona.<\/p>\n<p>Oculta la aguja, reduciendo el estr\u00e9s y la fobia a las agujas.<\/p>\n<p>Evita que la aguja entre demasiado profundo debido a su gran \u00e1rea de almohadilla, por lo que reduce sustancialmente los hematomas.<\/p>\n<div class=\"MjjYud\">\n<div class=\"g Ww4FFb vt6azd tF2Cxc asEBEc\" lang=\"es\" data-hveid=\"CA0QAA\" data-ved=\"2ahUKEwik2M2VoqiAAxWhhP0HHbjsAQ8QFSgAegQIDRAA\">\n<div class=\"GLI8Bc UK95Uc\" data-snc=\"ih6Jnb_X9Yp8c\">\n<div class=\"Z26q7c UK95Uc VGXe8\" data-sncf=\"2\" data-snf=\"nke7rc\">\n<div class=\"VwiC3b yXK7lf MUxGbd yDYNvb lyLwlc\">Actualmente no es compatible con los bol\u00edgrafos\u00a0<em>Toujeo<\/em>\u00a0SoloStar.<\/div>\n<div><\/div>\n<div><\/div>\n<\/div>\n<\/div>\n<div><em>Con Tickleflex pincharse la insulina es m\u00e1s f\u00e1cil y c\u00f3modo que nunca!<\/em><\/div>\n<\/div>\n<\/div>\n<div class=\"MjjYud\">\n<p>&nbsp;<\/p>\n<div class=\"g Ww4FFb vt6azd tF2Cxc asEBEc\" lang=\"es\" data-hveid=\"CD8QAA\" data-ved=\"2ahUKEwik2M2VoqiAAxWhhP0HHbjsAQ8QFSgAegQIPxAA\">\n<div class=\"GLI8Bc UK95Uc\" data-snc=\"ih6Jnb_ZxYOib\">\n<div class=\"Z26q7c UK95Uc jGGQ5e VGXe8\" data-snf=\"x5WNvb\" data-snhf=\"0\"><\/div>\n<\/div>\n<\/div>\n<\/div>","protected":false},"excerpt":{"rendered":"<p>DESCRIPCI\u00d3N DEL PRODUCTO Tickleflex es una ayuda de inyecci\u00f3n de [&hellip;]<\/p>","protected":false},"featured_media":2099,"comment_status":"open","ping_status":"closed","template":"","meta":[],"product_cat":[49],"product_tag":[85,80,82,83,81,84,79],"yoast_head":"<!-- This site is optimized with the Yoast SEO plugin v23.4 - https:\/\/yoast.com\/wordpress\/plugins\/seo\/ -->\n<title>Tickleflex - Facilita la inyecci\u00f3n de insulina - TipoZero Diabetes<\/title>\n<meta name=\"description\" content=\"Tickleflex ayuda a la inyecci\u00f3n de insulina haciendo que sea un proceso m\u00e1s seguro, m\u00e1s c\u00f3modo, m\u00e1s consistente y sin preocupaciones. Pincharse m\u00e1s f\u00e1cil.\" \/>\n<meta name=\"robots\" content=\"index, follow, max-snippet:-1, max-image-preview:large, max-video-preview:-1\" \/>\n<link rel=\"canonical\" href=\"https:\/\/tipozerodiabetes.com\/en\/product\/tickleflex-facilita-la-inyeccion-de-insulina\/\" \/>\n<meta property=\"og:locale\" content=\"en_US\" \/>\n<meta property=\"og:type\" content=\"article\" \/>\n<meta property=\"og:title\" content=\"Tickleflex - Facilita la inyecci\u00f3n de insulina - TipoZero Diabetes\" \/>\n<meta property=\"og:description\" content=\"Tickleflex ayuda a la inyecci\u00f3n de insulina haciendo que sea un proceso m\u00e1s seguro, m\u00e1s c\u00f3modo, m\u00e1s consistente y sin preocupaciones. Pincharse m\u00e1s f\u00e1cil.\" \/>\n<meta property=\"og:url\" content=\"https:\/\/tipozerodiabetes.com\/en\/product\/tickleflex-facilita-la-inyeccion-de-insulina\/\" \/>\n<meta property=\"og:site_name\" content=\"TipoZero Diabetes\" \/>\n<meta property=\"article:modified_time\" content=\"2026-04-28T19:04:38+00:00\" \/>\n<meta property=\"og:image\" content=\"https:\/\/tipozerodiabetes.com\/wp-content\/uploads\/2023\/05\/tickleflex-ayuda-en-la-inyeccion-de-insulina.jpg\" \/>\n\t<meta property=\"og:image:width\" content=\"458\" \/>\n\t<meta property=\"og:image:height\" content=\"458\" \/>\n\t<meta property=\"og:image:type\" content=\"image\/jpeg\" \/>\n<meta name=\"twitter:card\" content=\"summary_large_image\" \/>\n<meta name=\"twitter:label1\" content=\"Est. reading time\" \/>\n\t<meta name=\"twitter:data1\" content=\"1 minute\" \/>\n<script type=\"application\/ld+json\" class=\"yoast-schema-graph\">{\"@context\":\"https:\/\/schema.org\",\"@graph\":[{\"@type\":\"WebPage\",\"@id\":\"https:\/\/tipozerodiabetes.com\/product\/tickleflex-facilita-la-inyeccion-de-insulina\/\",\"url\":\"https:\/\/tipozerodiabetes.com\/product\/tickleflex-facilita-la-inyeccion-de-insulina\/\",\"name\":\"Tickleflex - Facilita la inyecci\u00f3n de insulina - TipoZero Diabetes\",\"isPartOf\":{\"@id\":\"https:\/\/tipozerodiabetes.com\/#website\"},\"primaryImageOfPage\":{\"@id\":\"https:\/\/tipozerodiabetes.com\/product\/tickleflex-facilita-la-inyeccion-de-insulina\/#primaryimage\"},\"image\":{\"@id\":\"https:\/\/tipozerodiabetes.com\/product\/tickleflex-facilita-la-inyeccion-de-insulina\/#primaryimage\"},\"thumbnailUrl\":\"https:\/\/tipozerodiabetes.com\/wp-content\/uploads\/2023\/05\/tickleflex-ayuda-en-la-inyeccion-de-insulina.jpg\",\"datePublished\":\"2023-06-03T17:40:09+00:00\",\"dateModified\":\"2026-04-28T19:04:38+00:00\",\"description\":\"Tickleflex ayuda a la inyecci\u00f3n de insulina haciendo que sea un proceso m\u00e1s seguro, m\u00e1s c\u00f3modo, m\u00e1s consistente y sin preocupaciones. Pincharse m\u00e1s f\u00e1cil.\",\"breadcrumb\":{\"@id\":\"https:\/\/tipozerodiabetes.com\/product\/tickleflex-facilita-la-inyeccion-de-insulina\/#breadcrumb\"},\"inLanguage\":\"en-US\",\"potentialAction\":[{\"@type\":\"ReadAction\",\"target\":[\"https:\/\/tipozerodiabetes.com\/product\/tickleflex-facilita-la-inyeccion-de-insulina\/\"]}]},{\"@type\":\"ImageObject\",\"inLanguage\":\"en-US\",\"@id\":\"https:\/\/tipozerodiabetes.com\/product\/tickleflex-facilita-la-inyeccion-de-insulina\/#primaryimage\",\"url\":\"https:\/\/tipozerodiabetes.com\/wp-content\/uploads\/2023\/05\/tickleflex-ayuda-en-la-inyeccion-de-insulina.jpg\",\"contentUrl\":\"https:\/\/tipozerodiabetes.com\/wp-content\/uploads\/2023\/05\/tickleflex-ayuda-en-la-inyeccion-de-insulina.jpg\",\"width\":458,\"height\":458,\"caption\":\"Tickleflex\"},{\"@type\":\"BreadcrumbList\",\"@id\":\"https:\/\/tipozerodiabetes.com\/product\/tickleflex-facilita-la-inyeccion-de-insulina\/#breadcrumb\",\"itemListElement\":[{\"@type\":\"ListItem\",\"position\":1,\"name\":\"Portada\",\"item\":\"https:\/\/tipozerodiabetes.com\/\"},{\"@type\":\"ListItem\",\"position\":2,\"name\":\"Tienda\",\"item\":\"https:\/\/tipozerodiabetes.com\/tienda\/\"},{\"@type\":\"ListItem\",\"position\":3,\"name\":\"Tickleflex &#8211; Facilita la inyecci\u00f3n de insulina\"}]},{\"@type\":\"WebSite\",\"@id\":\"https:\/\/tipozerodiabetes.com\/#website\",\"url\":\"https:\/\/tipozerodiabetes.com\/\",\"name\":\"TipoZero Diabetes\",\"description\":\"Tienda online de productos para la diabetes. Mejora tu calidad vida con productos de alta calidad para la diabetes.\",\"publisher\":{\"@id\":\"https:\/\/tipozerodiabetes.com\/#organization\"},\"potentialAction\":[{\"@type\":\"SearchAction\",\"target\":{\"@type\":\"EntryPoint\",\"urlTemplate\":\"https:\/\/tipozerodiabetes.com\/?s={search_term_string}\"},\"query-input\":{\"@type\":\"PropertyValueSpecification\",\"valueRequired\":true,\"valueName\":\"search_term_string\"}}],\"inLanguage\":\"en-US\"},{\"@type\":\"Organization\",\"@id\":\"https:\/\/tipozerodiabetes.com\/#organization\",\"name\":\"TipoZero Diabetes\",\"url\":\"https:\/\/tipozerodiabetes.com\/\",\"logo\":{\"@type\":\"ImageObject\",\"inLanguage\":\"en-US\",\"@id\":\"https:\/\/tipozerodiabetes.com\/#\/schema\/logo\/image\/\",\"url\":\"https:\/\/tipozerodiabetes.com\/wp-content\/uploads\/2023\/05\/Diseno-sin-titulo-1.png\",\"contentUrl\":\"https:\/\/tipozerodiabetes.com\/wp-content\/uploads\/2023\/05\/Diseno-sin-titulo-1.png\",\"width\":300,\"height\":60,\"caption\":\"TipoZero Diabetes\"},\"image\":{\"@id\":\"https:\/\/tipozerodiabetes.com\/#\/schema\/logo\/image\/\"},\"sameAs\":[\"https:\/\/www.instagram.com\/soytipozero\",\"https:\/\/www.tiktok.com\/@tipozerodiabetes\/\",\"https:\/\/www.youtube.com\/@tipozerodiabetes\"]}]}<\/script>\n<!-- \/ Yoast SEO plugin. -->","yoast_head_json":{"title":"Tickleflex - Facilita la inyecci\u00f3n de insulina - TipoZero Diabetes","description":"Tickleflex ayuda a la inyecci\u00f3n de insulina haciendo que sea un proceso m\u00e1s seguro, m\u00e1s c\u00f3modo, m\u00e1s consistente y sin preocupaciones. Pincharse m\u00e1s f\u00e1cil.","robots":{"index":"index","follow":"follow","max-snippet":"max-snippet:-1","max-image-preview":"max-image-preview:large","max-video-preview":"max-video-preview:-1"},"canonical":"https:\/\/tipozerodiabetes.com\/en\/product\/tickleflex-facilita-la-inyeccion-de-insulina\/","og_locale":"en_US","og_type":"article","og_title":"Tickleflex - Facilita la inyecci\u00f3n de insulina - TipoZero Diabetes","og_description":"Tickleflex ayuda a la inyecci\u00f3n de insulina haciendo que sea un proceso m\u00e1s seguro, m\u00e1s c\u00f3modo, m\u00e1s consistente y sin preocupaciones. Pincharse m\u00e1s f\u00e1cil.","og_url":"https:\/\/tipozerodiabetes.com\/en\/product\/tickleflex-facilita-la-inyeccion-de-insulina\/","og_site_name":"TipoZero Diabetes","article_modified_time":"2026-04-28T19:04:38+00:00","og_image":[{"width":458,"height":458,"url":"https:\/\/tipozerodiabetes.com\/wp-content\/uploads\/2023\/05\/tickleflex-ayuda-en-la-inyeccion-de-insulina.jpg","type":"image\/jpeg"}],"twitter_card":"summary_large_image","twitter_misc":{"Est. reading time":"1 minute"},"schema":{"@context":"https:\/\/schema.org","@graph":[{"@type":"WebPage","@id":"https:\/\/tipozerodiabetes.com\/product\/tickleflex-facilita-la-inyeccion-de-insulina\/","url":"https:\/\/tipozerodiabetes.com\/product\/tickleflex-facilita-la-inyeccion-de-insulina\/","name":"Tickleflex - Facilita la inyecci\u00f3n de insulina - TipoZero Diabetes","isPartOf":{"@id":"https:\/\/tipozerodiabetes.com\/#website"},"primaryImageOfPage":{"@id":"https:\/\/tipozerodiabetes.com\/product\/tickleflex-facilita-la-inyeccion-de-insulina\/#primaryimage"},"image":{"@id":"https:\/\/tipozerodiabetes.com\/product\/tickleflex-facilita-la-inyeccion-de-insulina\/#primaryimage"},"thumbnailUrl":"https:\/\/tipozerodiabetes.com\/wp-content\/uploads\/2023\/05\/tickleflex-ayuda-en-la-inyeccion-de-insulina.jpg","datePublished":"2023-06-03T17:40:09+00:00","dateModified":"2026-04-28T19:04:38+00:00","description":"Tickleflex ayuda a la inyecci\u00f3n de insulina haciendo que sea un proceso m\u00e1s seguro, m\u00e1s c\u00f3modo, m\u00e1s consistente y sin preocupaciones. Pincharse m\u00e1s f\u00e1cil.","breadcrumb":{"@id":"https:\/\/tipozerodiabetes.com\/product\/tickleflex-facilita-la-inyeccion-de-insulina\/#breadcrumb"},"inLanguage":"en-US","potentialAction":[{"@type":"ReadAction","target":["https:\/\/tipozerodiabetes.com\/product\/tickleflex-facilita-la-inyeccion-de-insulina\/"]}]},{"@type":"ImageObject","inLanguage":"en-US","@id":"https:\/\/tipozerodiabetes.com\/product\/tickleflex-facilita-la-inyeccion-de-insulina\/#primaryimage","url":"https:\/\/tipozerodiabetes.com\/wp-content\/uploads\/2023\/05\/tickleflex-ayuda-en-la-inyeccion-de-insulina.jpg","contentUrl":"https:\/\/tipozerodiabetes.com\/wp-content\/uploads\/2023\/05\/tickleflex-ayuda-en-la-inyeccion-de-insulina.jpg","width":458,"height":458,"caption":"Tickleflex"},{"@type":"BreadcrumbList","@id":"https:\/\/tipozerodiabetes.com\/product\/tickleflex-facilita-la-inyeccion-de-insulina\/#breadcrumb","itemListElement":[{"@type":"ListItem","position":1,"name":"Portada","item":"https:\/\/tipozerodiabetes.com\/"},{"@type":"ListItem","position":2,"name":"Tienda","item":"https:\/\/tipozerodiabetes.com\/tienda\/"},{"@type":"ListItem","position":3,"name":"Tickleflex &#8211; Facilita la inyecci\u00f3n de insulina"}]},{"@type":"WebSite","@id":"https:\/\/tipozerodiabetes.com\/#website","url":"https:\/\/tipozerodiabetes.com\/","name":"TipoZero Diabetes","description":"Tienda online de productos para la diabetes. Mejora tu calidad vida con productos de alta calidad para la diabetes.","publisher":{"@id":"https:\/\/tipozerodiabetes.com\/#organization"},"potentialAction":[{"@type":"SearchAction","target":{"@type":"EntryPoint","urlTemplate":"https:\/\/tipozerodiabetes.com\/?s={search_term_string}"},"query-input":{"@type":"PropertyValueSpecification","valueRequired":true,"valueName":"search_term_string"}}],"inLanguage":"en-US"},{"@type":"Organization","@id":"https:\/\/tipozerodiabetes.com\/#organization","name":"TipoZero Diabetes","url":"https:\/\/tipozerodiabetes.com\/","logo":{"@type":"ImageObject","inLanguage":"en-US","@id":"https:\/\/tipozerodiabetes.com\/#\/schema\/logo\/image\/","url":"https:\/\/tipozerodiabetes.com\/wp-content\/uploads\/2023\/05\/Diseno-sin-titulo-1.png","contentUrl":"https:\/\/tipozerodiabetes.com\/wp-content\/uploads\/2023\/05\/Diseno-sin-titulo-1.png","width":300,"height":60,"caption":"TipoZero Diabetes"},"image":{"@id":"https:\/\/tipozerodiabetes.com\/#\/schema\/logo\/image\/"},"sameAs":["https:\/\/www.instagram.com\/soytipozero","https:\/\/www.tiktok.com\/@tipozerodiabetes\/","https:\/\/www.youtube.com\/@tipozerodiabetes"]}]}},"_links":{"self":[{"href":"https:\/\/tipozerodiabetes.com\/en\/wp-json\/wp\/v2\/product\/2758"}],"collection":[{"href":"https:\/\/tipozerodiabetes.com\/en\/wp-json\/wp\/v2\/product"}],"about":[{"href":"https:\/\/tipozerodiabetes.com\/en\/wp-json\/wp\/v2\/types\/product"}],"replies":[{"embeddable":true,"href":"https:\/\/tipozerodiabetes.com\/en\/wp-json\/wp\/v2\/comments?post=2758"}],"wp:featuredmedia":[{"embeddable":true,"href":"https:\/\/tipozerodiabetes.com\/en\/wp-json\/wp\/v2\/media\/2099"}],"wp:attachment":[{"href":"https:\/\/tipozerodiabetes.com\/en\/wp-json\/wp\/v2\/media?parent=2758"}],"wp:term":[{"taxonomy":"product_cat","embeddable":true,"href":"https:\/\/tipozerodiabetes.com\/en\/wp-json\/wp\/v2\/product_cat?post=2758"},{"taxonomy":"product_tag","embeddable":true,"href":"https:\/\/tipozerodiabetes.com\/en\/wp-json\/wp\/v2\/product_tag?post=2758"}],"curies":[{"name":"wp","href":"https:\/\/api.w.org\/{rel}","templated":true}]}}