{"id":2082,"date":"2023-05-19T12:29:21","date_gmt":"2023-05-19T10:29:21","guid":{"rendered":"\/?post_type=product&#038;p=2082"},"modified":"2024-04-24T22:25:36","modified_gmt":"2024-04-24T20:25:36","slug":"estuche-rigido-porta-insulina-abstracto-azul-rosa","status":"publish","type":"product","link":"https:\/\/tipozerodiabetes.com\/en\/product\/estuche-rigido-porta-insulina-abstracto-azul-rosa\/","title":{"rendered":"Estuche R\u00edgido Porta insulina-abstracto azul rosa"},"content":{"rendered":"<h3><img decoding=\"async\" class=\"lazyload alignnone size-medium wp-image-2080\" src=\"\/wp-content\/uploads\/2023\/05\/S0113594799144f6db891a68bb8b294a4x-300x300.jpg\" data-orig-src=\"\/wp-content\/uploads\/2023\/05\/S0113594799144f6db891a68bb8b294a4x-300x300.jpg\" alt=\"\" width=\"300\" height=\"300\" srcset=\"data:image\/svg+xml,%3Csvg%20xmlns%3D%27http%3A%2F%2Fwww.w3.org%2F2000%2Fsvg%27%20width%3D%27300%27%20height%3D%27300%27%20viewBox%3D%270%200%20300%20300%27%3E%3Crect%20width%3D%27300%27%20height%3D%27300%27%20fill-opacity%3D%220%22%2F%3E%3C%2Fsvg%3E\" data-srcset=\"https:\/\/tipozerodiabetes.com\/wp-content\/uploads\/2023\/05\/S0113594799144f6db891a68bb8b294a4x-66x66.jpg 66w, https:\/\/tipozerodiabetes.com\/wp-content\/uploads\/2023\/05\/S0113594799144f6db891a68bb8b294a4x-100x100.jpg 100w, https:\/\/tipozerodiabetes.com\/wp-content\/uploads\/2023\/05\/S0113594799144f6db891a68bb8b294a4x-150x150.jpg 150w, https:\/\/tipozerodiabetes.com\/wp-content\/uploads\/2023\/05\/S0113594799144f6db891a68bb8b294a4x-200x200.jpg 200w, https:\/\/tipozerodiabetes.com\/wp-content\/uploads\/2023\/05\/S0113594799144f6db891a68bb8b294a4x-300x300.jpg 300w, https:\/\/tipozerodiabetes.com\/wp-content\/uploads\/2023\/05\/S0113594799144f6db891a68bb8b294a4x-400x400.jpg 400w, https:\/\/tipozerodiabetes.com\/wp-content\/uploads\/2023\/05\/S0113594799144f6db891a68bb8b294a4x-600x600.jpg 600w, https:\/\/tipozerodiabetes.com\/wp-content\/uploads\/2023\/05\/S0113594799144f6db891a68bb8b294a4x-700x700.jpg 700w, https:\/\/tipozerodiabetes.com\/wp-content\/uploads\/2023\/05\/S0113594799144f6db891a68bb8b294a4x-768x768.jpg 768w, https:\/\/tipozerodiabetes.com\/wp-content\/uploads\/2023\/05\/S0113594799144f6db891a68bb8b294a4x.jpg 800w\" data-sizes=\"auto\" data-orig-sizes=\"(max-width: 300px) 100vw, 300px\" \/><\/h3>\n<h3>DESCRIPCI\u00d3N DEL PRODUCTO<\/h3>\n<p>Bolsa de almacenamiento en fr\u00edo de EVA port\u00e1til, refrigerador de bolsillo de viaje para medicamentos, paquete de bol\u00edgrafo, medicamentos para personas con Diabetes.<\/p>\n<p><span data-spm-anchor-id=\"a2g0o.detail.1000023.i4.33bec514Lfemj8\">&gt;Material: EVA, tela Oxford impermeable<\/span><br \/>\n&gt;Tama\u00f1o:\u00a0 2,54 cm<\/p>","protected":false},"excerpt":{"rendered":"<p>DESCRIPCI\u00d3N DEL PRODUCTO Bolsa de almacenamiento en fr\u00edo de EVA [&hellip;]<\/p>","protected":false},"featured_media":1968,"comment_status":"open","ping_status":"closed","template":"","meta":[],"product_cat":[30],"product_tag":[],"yoast_head":"<!-- This site is optimized with the Yoast SEO plugin v23.4 - https:\/\/yoast.com\/wordpress\/plugins\/seo\/ -->\n<title>Estuche R\u00edgido Porta insulina-abstracto azul rosa - TipoZero Diabetes<\/title>\n<meta name=\"robots\" content=\"index, follow, max-snippet:-1, max-image-preview:large, max-video-preview:-1\" \/>\n<link rel=\"canonical\" href=\"https:\/\/tipozerodiabetes.com\/en\/product\/estuche-rigido-porta-insulina-abstracto-azul-rosa\/\" \/>\n<meta property=\"og:locale\" content=\"en_US\" \/>\n<meta property=\"og:type\" content=\"article\" \/>\n<meta property=\"og:title\" content=\"Estuche R\u00edgido Porta insulina-abstracto azul rosa - TipoZero Diabetes\" \/>\n<meta property=\"og:description\" content=\"DESCRIPCI\u00d3N DEL PRODUCTO Bolsa de almacenamiento en fr\u00edo de EVA [&hellip;]\" \/>\n<meta property=\"og:url\" content=\"https:\/\/tipozerodiabetes.com\/en\/product\/estuche-rigido-porta-insulina-abstracto-azul-rosa\/\" \/>\n<meta property=\"og:site_name\" content=\"TipoZero Diabetes\" \/>\n<meta property=\"article:modified_time\" content=\"2024-04-24T20:25:36+00:00\" \/>\n<meta property=\"og:image\" content=\"https:\/\/tipozerodiabetes.com\/wp-content\/uploads\/2023\/05\/Bolsa-enfriadora-de-insulina-port-til-estuche-de-refrigeraci-n-para-diab-ticos-de-viaje-sin.jpg_640x640-4.jpg\" \/>\n\t<meta property=\"og:image:width\" content=\"640\" \/>\n\t<meta property=\"og:image:height\" content=\"640\" \/>\n\t<meta property=\"og:image:type\" content=\"image\/jpeg\" \/>\n<meta name=\"twitter:card\" content=\"summary_large_image\" \/>\n<meta name=\"twitter:label1\" content=\"Est. reading time\" \/>\n\t<meta name=\"twitter:data1\" content=\"1 minute\" \/>\n<script type=\"application\/ld+json\" class=\"yoast-schema-graph\">{\"@context\":\"https:\/\/schema.org\",\"@graph\":[{\"@type\":\"WebPage\",\"@id\":\"https:\/\/tipozerodiabetes.com\/product\/estuche-rigido-porta-insulina-abstracto-azul-rosa\/\",\"url\":\"https:\/\/tipozerodiabetes.com\/product\/estuche-rigido-porta-insulina-abstracto-azul-rosa\/\",\"name\":\"Estuche R\u00edgido Porta insulina-abstracto azul rosa - TipoZero Diabetes\",\"isPartOf\":{\"@id\":\"https:\/\/tipozerodiabetes.com\/#website\"},\"primaryImageOfPage\":{\"@id\":\"https:\/\/tipozerodiabetes.com\/product\/estuche-rigido-porta-insulina-abstracto-azul-rosa\/#primaryimage\"},\"image\":{\"@id\":\"https:\/\/tipozerodiabetes.com\/product\/estuche-rigido-porta-insulina-abstracto-azul-rosa\/#primaryimage\"},\"thumbnailUrl\":\"https:\/\/tipozerodiabetes.com\/wp-content\/uploads\/2023\/05\/Bolsa-enfriadora-de-insulina-port-til-estuche-de-refrigeraci-n-para-diab-ticos-de-viaje-sin.jpg_640x640-4.jpg\",\"datePublished\":\"2023-05-19T10:29:21+00:00\",\"dateModified\":\"2024-04-24T20:25:36+00:00\",\"breadcrumb\":{\"@id\":\"https:\/\/tipozerodiabetes.com\/product\/estuche-rigido-porta-insulina-abstracto-azul-rosa\/#breadcrumb\"},\"inLanguage\":\"en-US\",\"potentialAction\":[{\"@type\":\"ReadAction\",\"target\":[\"https:\/\/tipozerodiabetes.com\/product\/estuche-rigido-porta-insulina-abstracto-azul-rosa\/\"]}]},{\"@type\":\"ImageObject\",\"inLanguage\":\"en-US\",\"@id\":\"https:\/\/tipozerodiabetes.com\/product\/estuche-rigido-porta-insulina-abstracto-azul-rosa\/#primaryimage\",\"url\":\"https:\/\/tipozerodiabetes.com\/wp-content\/uploads\/2023\/05\/Bolsa-enfriadora-de-insulina-port-til-estuche-de-refrigeraci-n-para-diab-ticos-de-viaje-sin.jpg_640x640-4.jpg\",\"contentUrl\":\"https:\/\/tipozerodiabetes.com\/wp-content\/uploads\/2023\/05\/Bolsa-enfriadora-de-insulina-port-til-estuche-de-refrigeraci-n-para-diab-ticos-de-viaje-sin.jpg_640x640-4.jpg\",\"width\":640,\"height\":640},{\"@type\":\"BreadcrumbList\",\"@id\":\"https:\/\/tipozerodiabetes.com\/product\/estuche-rigido-porta-insulina-abstracto-azul-rosa\/#breadcrumb\",\"itemListElement\":[{\"@type\":\"ListItem\",\"position\":1,\"name\":\"Portada\",\"item\":\"https:\/\/tipozerodiabetes.com\/\"},{\"@type\":\"ListItem\",\"position\":2,\"name\":\"Tienda\",\"item\":\"https:\/\/tipozerodiabetes.com\/tienda\/\"},{\"@type\":\"ListItem\",\"position\":3,\"name\":\"Estuche R\u00edgido Porta insulina-abstracto azul rosa\"}]},{\"@type\":\"WebSite\",\"@id\":\"https:\/\/tipozerodiabetes.com\/#website\",\"url\":\"https:\/\/tipozerodiabetes.com\/\",\"name\":\"TipoZero Diabetes\",\"description\":\"Tienda online de productos para la diabetes. Mejora tu calidad vida con productos de alta calidad para la diabetes.\",\"publisher\":{\"@id\":\"https:\/\/tipozerodiabetes.com\/#organization\"},\"potentialAction\":[{\"@type\":\"SearchAction\",\"target\":{\"@type\":\"EntryPoint\",\"urlTemplate\":\"https:\/\/tipozerodiabetes.com\/?s={search_term_string}\"},\"query-input\":{\"@type\":\"PropertyValueSpecification\",\"valueRequired\":true,\"valueName\":\"search_term_string\"}}],\"inLanguage\":\"en-US\"},{\"@type\":\"Organization\",\"@id\":\"https:\/\/tipozerodiabetes.com\/#organization\",\"name\":\"TipoZero Diabetes\",\"url\":\"https:\/\/tipozerodiabetes.com\/\",\"logo\":{\"@type\":\"ImageObject\",\"inLanguage\":\"en-US\",\"@id\":\"https:\/\/tipozerodiabetes.com\/#\/schema\/logo\/image\/\",\"url\":\"https:\/\/tipozerodiabetes.com\/wp-content\/uploads\/2023\/05\/Diseno-sin-titulo-1.png\",\"contentUrl\":\"https:\/\/tipozerodiabetes.com\/wp-content\/uploads\/2023\/05\/Diseno-sin-titulo-1.png\",\"width\":300,\"height\":60,\"caption\":\"TipoZero Diabetes\"},\"image\":{\"@id\":\"https:\/\/tipozerodiabetes.com\/#\/schema\/logo\/image\/\"},\"sameAs\":[\"https:\/\/www.instagram.com\/soytipozero\",\"https:\/\/www.tiktok.com\/@tipozerodiabetes\/\",\"https:\/\/www.youtube.com\/@tipozerodiabetes\"]}]}<\/script>\n<!-- \/ Yoast SEO plugin. -->","yoast_head_json":{"title":"Estuche R\u00edgido Porta insulina-abstracto azul rosa - TipoZero Diabetes","robots":{"index":"index","follow":"follow","max-snippet":"max-snippet:-1","max-image-preview":"max-image-preview:large","max-video-preview":"max-video-preview:-1"},"canonical":"https:\/\/tipozerodiabetes.com\/en\/product\/estuche-rigido-porta-insulina-abstracto-azul-rosa\/","og_locale":"en_US","og_type":"article","og_title":"Estuche R\u00edgido Porta insulina-abstracto azul rosa - TipoZero Diabetes","og_description":"DESCRIPCI\u00d3N DEL PRODUCTO Bolsa de almacenamiento en fr\u00edo de EVA [&hellip;]","og_url":"https:\/\/tipozerodiabetes.com\/en\/product\/estuche-rigido-porta-insulina-abstracto-azul-rosa\/","og_site_name":"TipoZero Diabetes","article_modified_time":"2024-04-24T20:25:36+00:00","og_image":[{"width":640,"height":640,"url":"https:\/\/tipozerodiabetes.com\/wp-content\/uploads\/2023\/05\/Bolsa-enfriadora-de-insulina-port-til-estuche-de-refrigeraci-n-para-diab-ticos-de-viaje-sin.jpg_640x640-4.jpg","type":"image\/jpeg"}],"twitter_card":"summary_large_image","twitter_misc":{"Est. reading time":"1 minute"},"schema":{"@context":"https:\/\/schema.org","@graph":[{"@type":"WebPage","@id":"https:\/\/tipozerodiabetes.com\/product\/estuche-rigido-porta-insulina-abstracto-azul-rosa\/","url":"https:\/\/tipozerodiabetes.com\/product\/estuche-rigido-porta-insulina-abstracto-azul-rosa\/","name":"Estuche R\u00edgido Porta insulina-abstracto azul rosa - TipoZero Diabetes","isPartOf":{"@id":"https:\/\/tipozerodiabetes.com\/#website"},"primaryImageOfPage":{"@id":"https:\/\/tipozerodiabetes.com\/product\/estuche-rigido-porta-insulina-abstracto-azul-rosa\/#primaryimage"},"image":{"@id":"https:\/\/tipozerodiabetes.com\/product\/estuche-rigido-porta-insulina-abstracto-azul-rosa\/#primaryimage"},"thumbnailUrl":"https:\/\/tipozerodiabetes.com\/wp-content\/uploads\/2023\/05\/Bolsa-enfriadora-de-insulina-port-til-estuche-de-refrigeraci-n-para-diab-ticos-de-viaje-sin.jpg_640x640-4.jpg","datePublished":"2023-05-19T10:29:21+00:00","dateModified":"2024-04-24T20:25:36+00:00","breadcrumb":{"@id":"https:\/\/tipozerodiabetes.com\/product\/estuche-rigido-porta-insulina-abstracto-azul-rosa\/#breadcrumb"},"inLanguage":"en-US","potentialAction":[{"@type":"ReadAction","target":["https:\/\/tipozerodiabetes.com\/product\/estuche-rigido-porta-insulina-abstracto-azul-rosa\/"]}]},{"@type":"ImageObject","inLanguage":"en-US","@id":"https:\/\/tipozerodiabetes.com\/product\/estuche-rigido-porta-insulina-abstracto-azul-rosa\/#primaryimage","url":"https:\/\/tipozerodiabetes.com\/wp-content\/uploads\/2023\/05\/Bolsa-enfriadora-de-insulina-port-til-estuche-de-refrigeraci-n-para-diab-ticos-de-viaje-sin.jpg_640x640-4.jpg","contentUrl":"https:\/\/tipozerodiabetes.com\/wp-content\/uploads\/2023\/05\/Bolsa-enfriadora-de-insulina-port-til-estuche-de-refrigeraci-n-para-diab-ticos-de-viaje-sin.jpg_640x640-4.jpg","width":640,"height":640},{"@type":"BreadcrumbList","@id":"https:\/\/tipozerodiabetes.com\/product\/estuche-rigido-porta-insulina-abstracto-azul-rosa\/#breadcrumb","itemListElement":[{"@type":"ListItem","position":1,"name":"Portada","item":"https:\/\/tipozerodiabetes.com\/"},{"@type":"ListItem","position":2,"name":"Tienda","item":"https:\/\/tipozerodiabetes.com\/tienda\/"},{"@type":"ListItem","position":3,"name":"Estuche R\u00edgido Porta insulina-abstracto azul rosa"}]},{"@type":"WebSite","@id":"https:\/\/tipozerodiabetes.com\/#website","url":"https:\/\/tipozerodiabetes.com\/","name":"TipoZero Diabetes","description":"Tienda online de productos para la diabetes. Mejora tu calidad vida con productos de alta calidad para la diabetes.","publisher":{"@id":"https:\/\/tipozerodiabetes.com\/#organization"},"potentialAction":[{"@type":"SearchAction","target":{"@type":"EntryPoint","urlTemplate":"https:\/\/tipozerodiabetes.com\/?s={search_term_string}"},"query-input":{"@type":"PropertyValueSpecification","valueRequired":true,"valueName":"search_term_string"}}],"inLanguage":"en-US"},{"@type":"Organization","@id":"https:\/\/tipozerodiabetes.com\/#organization","name":"TipoZero Diabetes","url":"https:\/\/tipozerodiabetes.com\/","logo":{"@type":"ImageObject","inLanguage":"en-US","@id":"https:\/\/tipozerodiabetes.com\/#\/schema\/logo\/image\/","url":"https:\/\/tipozerodiabetes.com\/wp-content\/uploads\/2023\/05\/Diseno-sin-titulo-1.png","contentUrl":"https:\/\/tipozerodiabetes.com\/wp-content\/uploads\/2023\/05\/Diseno-sin-titulo-1.png","width":300,"height":60,"caption":"TipoZero Diabetes"},"image":{"@id":"https:\/\/tipozerodiabetes.com\/#\/schema\/logo\/image\/"},"sameAs":["https:\/\/www.instagram.com\/soytipozero","https:\/\/www.tiktok.com\/@tipozerodiabetes\/","https:\/\/www.youtube.com\/@tipozerodiabetes"]}]}},"_links":{"self":[{"href":"https:\/\/tipozerodiabetes.com\/en\/wp-json\/wp\/v2\/product\/2082"}],"collection":[{"href":"https:\/\/tipozerodiabetes.com\/en\/wp-json\/wp\/v2\/product"}],"about":[{"href":"https:\/\/tipozerodiabetes.com\/en\/wp-json\/wp\/v2\/types\/product"}],"replies":[{"embeddable":true,"href":"https:\/\/tipozerodiabetes.com\/en\/wp-json\/wp\/v2\/comments?post=2082"}],"wp:featuredmedia":[{"embeddable":true,"href":"https:\/\/tipozerodiabetes.com\/en\/wp-json\/wp\/v2\/media\/1968"}],"wp:attachment":[{"href":"https:\/\/tipozerodiabetes.com\/en\/wp-json\/wp\/v2\/media?parent=2082"}],"wp:term":[{"taxonomy":"product_cat","embeddable":true,"href":"https:\/\/tipozerodiabetes.com\/en\/wp-json\/wp\/v2\/product_cat?post=2082"},{"taxonomy":"product_tag","embeddable":true,"href":"https:\/\/tipozerodiabetes.com\/en\/wp-json\/wp\/v2\/product_tag?post=2082"}],"curies":[{"name":"wp","href":"https:\/\/api.w.org\/{rel}","templated":true}]}}